{"id":2093,"date":"2025-07-28T12:53:01","date_gmt":"2025-07-28T12:53:01","guid":{"rendered":"https:\/\/lorenzg.com\/mentions-legales\/"},"modified":"2025-09-12T13:50:47","modified_gmt":"2025-09-12T13:50:47","slug":"mentions-legales","status":"publish","type":"page","link":"https:\/\/lorenzg.com\/fr\/mentions-legales\/","title":{"rendered":"Mentions l\u00e9gales"},"content":{"rendered":"\t\t<div data-elementor-type=\"wp-page\" data-elementor-id=\"2093\" class=\"elementor elementor-2093 elementor-50\" data-elementor-settings=\"{&quot;ha_cmc_init_switcher&quot;:&quot;no&quot;}\" data-elementor-post-type=\"page\">\n\t\t\t\t<div class=\"elementor-element elementor-element-f9c13a1 e-flex e-con-boxed e-con e-parent\" data-id=\"f9c13a1\" data-element_type=\"container\" data-settings=\"{&quot;_ha_eqh_enable&quot;:false}\">\n\t\t\t\t\t<div class=\"e-con-inner\">\n\t\t\t\t<div class=\"elementor-element elementor-element-886f430 elementor-widget elementor-widget-heading\" data-id=\"886f430\" data-element_type=\"widget\" data-widget_type=\"heading.default\">\n\t\t\t\t\t<h2 class=\"elementor-heading-title elementor-size-default\">Mentions l\u00e9gales<\/h2>\t\t\t\t<\/div>\n\t\t\t\t<div class=\"elementor-element elementor-element-60e817b elementor-widget elementor-widget-text-editor\" data-id=\"60e817b\" data-element_type=\"widget\" data-widget_type=\"text-editor.default\">\n\t\t\t\t\t\t\t\t\t<div id=\"headline\"><p>Conform\u00e9ment au \u00a7 28 de la loi f\u00e9d\u00e9rale allemande sur la protection des donn\u00e9es (BDSG), je m&rsquo;oppose \u00e0 toute utilisation commerciale et transmission de mes donn\u00e9es.<\/p><\/div><div id=\"scrollebene\"><h4 style=\"font-weight: 400;\"><strong>\u00c9diteur et responsabilit\u00e9 :<\/strong><\/h4><p style=\"font-weight: 400;\">Lorenz G., production et distribution d&rsquo;articles en plastique<\/p><p style=\"font-weight: 400;\">Propri\u00e9taire : Sascha Pickelmann<br>Sudetenstr. 76,<br>82538 Geretsried  <\/p><p style=\"font-weight: 400;\">VAT: DE361649984<br>EORI: DE730007168931384<br>DUNS: 315562816<br>LUCID: DE4581651061986<\/p><p style=\"font-weight: 400;\">Responsable du contenu conform\u00e9ment au \u00a7 18 al. 2 MstV : <\/p><p style=\"font-weight: 400;\">Sascha Pickelmann (propri\u00e9taire)<br>Sudetenstr. 76,<br>82538 Geretsried<br>T\u00e9l\u00e9phone : +49 8171 34 00 06<br>Fax : +49 8179 92 50 44<br>E-mail : <a href=\"mailto:info@lorenzg.de\">sales(at)lorenzg.de<\/a> <\/p><div id=\"seiteninhaltScroll\"><h4>Objectif de ce projet web :<\/h4><p>Distribution de produits en plastique<\/p><h4>Conception, photographie et conception web :<\/h4><p>Vision+ Konzept | kpr kommunikation<\/p><\/div><div>Steghiaslweg 8<\/div><div>82515 Wolfratshausen<\/div><div>T: 08171 \/ 3849761<\/div><div>M: <a href=\"mailto:info@kpr-kom.de\">info@kpr-kom.de<\/a><\/div><div><p>W: <a href=\"https:\/\/kpr-kom.de\" target=\"_blank\" rel=\"noopener noreferrer nofollow\">https:\/\/vision-konzept.de<\/a><\/p><p>Protection et utilisation des droits d&rsquo;auteur :<\/p><p>L&rsquo;auteur vous accorde le droit sp\u00e9cial de r\u00e9aliser une copie priv\u00e9e pour votre usage personnel. En revanche, vous n&rsquo;\u00eates pas autoris\u00e9 \u00e0 modifier et\/ou \u00e0 transmettre les documents, ni m\u00eame \u00e0 les publier vous-m\u00eame. <\/p><p>Sauf mention contraire expresse, les droits d&rsquo;auteur des textes appartiennent \u00e0 : Vision+ Konzept.<br>La plupart des illustrations sont soumises au copyright de Vision+ Konzept :: Udo Kl\u00fcnsch.<\/p><h4>Aucune responsabilit\u00e9 :<\/h4><p>Le contenu de ce projet web a \u00e9t\u00e9 soigneusement v\u00e9rifi\u00e9 et compil\u00e9 en toute bonne foi. Cependant, nous ne pouvons garantir l&rsquo;exhaustivit\u00e9, l&rsquo;actualit\u00e9, la qualit\u00e9 et l&rsquo;exactitude des informations pr\u00e9sent\u00e9es ici. Nous d\u00e9clinons toute responsabilit\u00e9 pour les dommages r\u00e9sultant de la confiance accord\u00e9e au contenu de ce site web ou de son utilisation.<br>Malgr\u00e9 un contr\u00f4le minutieux du contenu, nous d\u00e9clinons toute responsabilit\u00e9 quant au contenu des liens externes. Les exploitants des pages li\u00e9es sont seuls responsables de leur contenu.   <\/p><h4>Violation des droits de propri\u00e9t\u00e9 :<\/h4><p>Si vous pensez que l&rsquo;un de vos droits de propri\u00e9t\u00e9 intellectuelle a \u00e9t\u00e9 viol\u00e9 par ce site Web, veuillez nous en informer imm\u00e9diatement par e-mail afin que nous puissions rem\u00e9dier rapidement \u00e0 la situation.<\/p><h4>Remarque :<\/h4><p>Le recours \u00e0 un avocat pour adresser un avertissement au prestataire de services, qui prend beaucoup de temps et engendre des frais, ne correspond pas \u00e0 la volont\u00e9 r\u00e9elle ou pr\u00e9sum\u00e9e du prestataire de services.<\/p><\/div><\/div>\t\t\t\t\t\t\t\t<\/div>\n\t\t\t\t\t<\/div>\n\t\t\t\t<\/div>\n\t\t\t\t<\/div>\n\t\t","protected":false},"excerpt":{"rendered":"<p>Mentions l\u00e9gales Conform\u00e9ment au \u00a7 28 de la loi f\u00e9d\u00e9rale allemande sur la protection des donn\u00e9es (BDSG), je m&rsquo;oppose \u00e0 toute utilisation commerciale et transmission de mes donn\u00e9es. \u00c9diteur et responsabilit\u00e9 : Lorenz G., production et distribution d&rsquo;articles en plastique Propri\u00e9taire : Sascha PickelmannSudetenstr. 76,82538 Geretsried VAT: DE361649984EORI: DE730007168931384DUNS: 315562816LUCID: DE4581651061986 Responsable du contenu conform\u00e9ment [&hellip;]<\/p>\n","protected":false},"author":1,"featured_media":0,"parent":0,"menu_order":0,"comment_status":"closed","ping_status":"closed","template":"","meta":{"inline_featured_image":false,"footnotes":""},"class_list":["post-2093","page","type-page","status-publish","hentry"],"_links":{"self":[{"href":"https:\/\/lorenzg.com\/fr\/wp-json\/wp\/v2\/pages\/2093","targetHints":{"allow":["GET"]}}],"collection":[{"href":"https:\/\/lorenzg.com\/fr\/wp-json\/wp\/v2\/pages"}],"about":[{"href":"https:\/\/lorenzg.com\/fr\/wp-json\/wp\/v2\/types\/page"}],"author":[{"embeddable":true,"href":"https:\/\/lorenzg.com\/fr\/wp-json\/wp\/v2\/users\/1"}],"replies":[{"embeddable":true,"href":"https:\/\/lorenzg.com\/fr\/wp-json\/wp\/v2\/comments?post=2093"}],"version-history":[{"count":1,"href":"https:\/\/lorenzg.com\/fr\/wp-json\/wp\/v2\/pages\/2093\/revisions"}],"predecessor-version":[{"id":2094,"href":"https:\/\/lorenzg.com\/fr\/wp-json\/wp\/v2\/pages\/2093\/revisions\/2094"}],"wp:attachment":[{"href":"https:\/\/lorenzg.com\/fr\/wp-json\/wp\/v2\/media?parent=2093"}],"curies":[{"name":"wp","href":"https:\/\/api.w.org\/{rel}","templated":true}]}}