{"id":2042,"date":"2025-07-28T15:10:50","date_gmt":"2025-07-28T15:10:50","guid":{"rendered":"https:\/\/lorenzg.com\/durabilite\/"},"modified":"2025-10-17T12:36:36","modified_gmt":"2025-10-17T12:36:36","slug":"durabilite","status":"publish","type":"page","link":"https:\/\/lorenzg.com\/fr\/durabilite\/","title":{"rendered":"Durabilit\u00e9"},"content":{"rendered":"\t\t<div data-elementor-type=\"wp-page\" data-elementor-id=\"2042\" class=\"elementor elementor-2042 elementor-194\" data-elementor-settings=\"{&quot;ha_cmc_init_switcher&quot;:&quot;no&quot;}\" data-elementor-post-type=\"page\">\n\t\t\t\t<div class=\"elementor-element elementor-element-626f271 e-flex e-con-boxed e-con e-parent\" data-id=\"626f271\" data-element_type=\"container\" data-settings=\"{&quot;background_background&quot;:&quot;classic&quot;,&quot;_ha_eqh_enable&quot;:false}\">\n\t\t\t\t\t<div class=\"e-con-inner\">\n\t\t\t\t<div class=\"elementor-element elementor-element-a990f2b elementor-widget elementor-widget-heading\" data-id=\"a990f2b\" data-element_type=\"widget\" data-widget_type=\"heading.default\">\n\t\t\t\t\t<h1 class=\"elementor-heading-title elementor-size-default\">Durable et p\u00e9renne.<\/h1>\t\t\t\t<\/div>\n\t\t\t\t<div class=\"elementor-element elementor-element-2a42c4a elementor-widget__width-initial elementor-widget-mobile__width-inherit ha-has-bg-overlay elementor-widget elementor-widget-text-editor\" data-id=\"2a42c4a\" data-element_type=\"widget\" data-widget_type=\"text-editor.default\">\n\t\t\t\t\t\t\t\t\t<p>Les composants fabriqu\u00e9s avec notre option PCR-PP permettent de r\u00e9duire l&#8217;empreinte carbone jusqu&rsquo;\u00e0 28 %. <br>La mati\u00e8re premi\u00e8re utilis\u00e9e est compos\u00e9e \u00e0 40 % de recyclat post-consommation de qualit\u00e9 alimentaire et reste enti\u00e8rement recyclable dans le cycle du PP.<\/p><p>Les propri\u00e9t\u00e9s du mat\u00e9riau restent pratiquement identiques : robustesse m\u00e9canique, r\u00e9sistance chimique, aspect propre.<\/p><p>Nos composants PCR ont \u00e9t\u00e9 test\u00e9s en s\u00e9rie, leur migration a \u00e9t\u00e9 v\u00e9rifi\u00e9e et ils peuvent \u00eatre utilis\u00e9s sans probl\u00e8me dans de nombreuses applications, m\u00eame sur des march\u00e9s exigeants tels que les cosm\u00e9tiques ou les soins personnels.<\/p>\t\t\t\t\t\t\t\t<\/div>\n\t\t\t\t\t<\/div>\n\t\t\t\t<\/div>\n\t\t<div class=\"elementor-element elementor-element-2700dc6 e-flex e-con-boxed e-con e-parent\" data-id=\"2700dc6\" data-element_type=\"container\" data-settings=\"{&quot;background_background&quot;:&quot;classic&quot;,&quot;_ha_eqh_enable&quot;:false}\">\n\t\t\t\t\t<div class=\"e-con-inner\">\n\t\t\t\t<div class=\"elementor-element elementor-element-621e6af elementor-widget elementor-widget-heading\" data-id=\"621e6af\" data-element_type=\"widget\" data-widget_type=\"heading.default\">\n\t\t\t\t\t<h1 class=\"elementor-heading-title elementor-size-default\">La durabilit\u00e9 chez Lorenz G.<\/h1>\t\t\t\t<\/div>\n\t\t\t\t<div class=\"elementor-element elementor-element-60dd938 elementor-widget elementor-widget-text-editor\" data-id=\"60dd938\" data-element_type=\"widget\" data-widget_type=\"text-editor.default\">\n\t\t\t\t\t\t\t\t\t<p>Pour pouvoir livrer \u00e0 l&rsquo;avenir, il faut assumer ses responsabilit\u00e9s d\u00e8s aujourd&rsquo;hui. Lorenz G. soutient vos objectifs de durabilit\u00e9 avec des solutions r\u00e9alisables, transparentes, efficaces et imm\u00e9diatement op\u00e9rationnelles. <\/p>\t\t\t\t\t\t\t\t<\/div>\n\t\t\t\t<div class=\"elementor-element elementor-element-26e3da9 elementor-mobile-align-justify elementor-widget elementor-widget-button\" data-id=\"26e3da9\" data-element_type=\"widget\" data-widget_type=\"button.default\">\n\t\t\t\t\t\t\t\t\t\t<a class=\"elementor-button elementor-button-link elementor-size-sm\" href=\"#project\">\n\t\t\t\t\t\t<span class=\"elementor-button-content-wrapper\">\n\t\t\t\t\t\t\t\t\t<span class=\"elementor-button-text\">Lancer un projet durable avec Lorenz G.<\/span>\n\t\t\t\t\t<\/span>\n\t\t\t\t\t<\/a>\n\t\t\t\t\t\t\t\t<\/div>\n\t\t\t\t\t<\/div>\n\t\t\t\t<\/div>\n\t\t<div class=\"elementor-element elementor-element-8a371be e-flex e-con-boxed elementor-invisible e-con e-parent\" data-id=\"8a371be\" data-element_type=\"container\" id=\"project\" data-settings=\"{&quot;background_background&quot;:&quot;classic&quot;,&quot;animation&quot;:&quot;fadeInUp&quot;,&quot;_ha_eqh_enable&quot;:false}\">\n\t\t\t\t\t<div class=\"e-con-inner\">\n\t\t<div class=\"elementor-element elementor-element-bb2e433 e-con-full e-flex e-con e-child\" data-id=\"bb2e433\" data-element_type=\"container\" data-settings=\"{&quot;_ha_eqh_enable&quot;:false}\">\n\t\t\t\t<div class=\"elementor-element elementor-element-6fb7e94 elementor-widget__width-inherit elementor-widget elementor-widget-image\" data-id=\"6fb7e94\" data-element_type=\"widget\" data-widget_type=\"image.default\">\n\t\t\t\t\t\t\t\t\t\t\t\t\t\t\t<img fetchpriority=\"high\" decoding=\"async\" width=\"704\" height=\"619\" src=\"https:\/\/lorenzg.com\/wp-content\/uploads\/2025\/07\/Nachhaltigkeit-1-Blk.svg\" class=\"attachment-full size-full wp-image-399\" alt=\"\" \/>\t\t\t\t\t\t\t\t\t\t\t\t\t\t\t<\/div>\n\t\t\t\t<\/div>\n\t\t<div class=\"elementor-element elementor-element-36f9a2a e-con-full e-flex e-con e-child\" data-id=\"36f9a2a\" data-element_type=\"container\" data-settings=\"{&quot;_ha_eqh_enable&quot;:false}\">\n\t\t\t\t<div class=\"elementor-element elementor-element-35edb4e elementor-widget elementor-widget-heading\" data-id=\"35edb4e\" data-element_type=\"widget\" data-widget_type=\"heading.default\">\n\t\t\t\t\t<h2 class=\"elementor-heading-title elementor-size-default\">Votre projet. Notre contribution \u00e0 l'environnement. <\/h2>\t\t\t\t<\/div>\n\t\t\t\t<div class=\"elementor-element elementor-element-d4368bf elementor-widget elementor-widget-text-editor\" data-id=\"d4368bf\" data-element_type=\"widget\" data-widget_type=\"text-editor.default\">\n\t\t\t\t\t\t\t\t\t<div class=\"lg:flex gap-8\"><div class=\"w-full lg:w-1\/2\"><p>De nombreuses entreprises industrielles doivent r\u00e9\u00e9valuer leurs cha\u00eenes d&rsquo;approvisionnement : la durabilit\u00e9 est devenue un \u00e9l\u00e9ment incontournable de la strat\u00e9gie d&rsquo;achat. Lorenz G. y est pr\u00e9par\u00e9. Nous vous aidons \u00e0 s\u00e9lectionner des billes, des roll-ons et des embouts selon des crit\u00e8res \u00e9cologiques et r\u00e9glementaires, sans faire de compromis sur la fonctionnalit\u00e9 ou le timing.  <\/p><\/div><\/div>\t\t\t\t\t\t\t\t<\/div>\n\t\t\t\t<\/div>\n\t\t\t\t\t<\/div>\n\t\t\t\t<\/div>\n\t\t<div class=\"elementor-element elementor-element-f00d2e5 e-flex e-con-boxed elementor-invisible e-con e-parent\" data-id=\"f00d2e5\" data-element_type=\"container\" data-settings=\"{&quot;background_background&quot;:&quot;classic&quot;,&quot;animation&quot;:&quot;fadeInUp&quot;,&quot;_ha_eqh_enable&quot;:false}\">\n\t\t\t\t\t<div class=\"e-con-inner\">\n\t\t<div class=\"elementor-element elementor-element-6725ca2 e-con-full e-flex e-con e-child\" data-id=\"6725ca2\" data-element_type=\"container\" data-settings=\"{&quot;_ha_eqh_enable&quot;:false}\">\n\t\t\t\t<div class=\"elementor-element elementor-element-d353577 elementor-widget elementor-widget-image\" data-id=\"d353577\" data-element_type=\"widget\" data-widget_type=\"image.default\">\n\t\t\t\t\t\t\t\t\t\t\t\t\t\t\t<img decoding=\"async\" width=\"800\" height=\"976\" src=\"https:\/\/lorenzg.com\/wp-content\/uploads\/2025\/07\/Nachhaltigkeit-2-Blk.svg\" class=\"attachment-large size-large wp-image-394\" alt=\"\" \/>\t\t\t\t\t\t\t\t\t\t\t\t\t\t\t<\/div>\n\t\t\t\t<\/div>\n\t\t<div class=\"elementor-element elementor-element-d9825c9 e-con-full e-flex e-con e-child\" data-id=\"d9825c9\" data-element_type=\"container\" data-settings=\"{&quot;_ha_eqh_enable&quot;:false}\">\n\t\t\t\t<div class=\"elementor-element elementor-element-26a8eb0 elementor-widget elementor-widget-heading\" data-id=\"26a8eb0\" data-element_type=\"widget\" data-widget_type=\"heading.default\">\n\t\t\t\t\t<h2 class=\"elementor-heading-title elementor-size-default\">R\u00e9alisable, compr\u00e9hensible, certifiable\n\n<\/h2>\t\t\t\t<\/div>\n\t\t\t\t<div class=\"elementor-element elementor-element-bfcf586 elementor-widget elementor-widget-text-editor\" data-id=\"bfcf586\" data-element_type=\"widget\" data-widget_type=\"text-editor.default\">\n\t\t\t\t\t\t\t\t\t<div class=\"lg:flex gap-8\"><div class=\"w-full lg:w-1\/2\"><p>De nombreuses entreprises industrielles doivent r\u00e9\u00e9valuer leurs cha\u00eenes d&rsquo;approvisionnement : la durabilit\u00e9 est devenue un \u00e9l\u00e9ment incontournable de la strat\u00e9gie d&rsquo;achat. Lorenz G. y est pr\u00e9par\u00e9. Nous vous aidons \u00e0 s\u00e9lectionner des billes, des roll-ons et des embouts selon des crit\u00e8res \u00e9cologiques et r\u00e9glementaires, sans faire de compromis sur la fonctionnalit\u00e9 ou le timing.  <\/p><\/div><\/div>\t\t\t\t\t\t\t\t<\/div>\n\t\t\t\t<\/div>\n\t\t\t\t\t<\/div>\n\t\t\t\t<\/div>\n\t\t<div class=\"elementor-element elementor-element-ad68885 e-flex e-con-boxed e-con e-parent\" data-id=\"ad68885\" data-element_type=\"container\" data-settings=\"{&quot;background_background&quot;:&quot;classic&quot;,&quot;_ha_eqh_enable&quot;:false}\">\n\t\t\t\t\t<div class=\"e-con-inner\">\n\t\t\t\t\t<\/div>\n\t\t\t\t<\/div>\n\t\t<div class=\"elementor-element elementor-element-1e0aee6 e-flex e-con-boxed elementor-invisible e-con e-parent\" data-id=\"1e0aee6\" data-element_type=\"container\" data-settings=\"{&quot;background_background&quot;:&quot;classic&quot;,&quot;animation&quot;:&quot;fadeInUp&quot;,&quot;_ha_eqh_enable&quot;:false}\">\n\t\t\t\t\t<div class=\"e-con-inner\">\n\t\t<div class=\"elementor-element elementor-element-51fe444 e-con-full e-flex e-con e-child\" data-id=\"51fe444\" data-element_type=\"container\" data-settings=\"{&quot;_ha_eqh_enable&quot;:false}\">\n\t\t\t\t<div class=\"elementor-element elementor-element-d725b3d elementor-widget elementor-widget-image\" data-id=\"d725b3d\" data-element_type=\"widget\" data-widget_type=\"image.default\">\n\t\t\t\t\t\t\t\t\t\t\t\t\t\t\t<img decoding=\"async\" width=\"800\" height=\"559\" src=\"https:\/\/lorenzg.com\/wp-content\/uploads\/2025\/07\/Nachhaltigkeit-5-Blk.svg\" class=\"attachment-large size-large wp-image-379\" alt=\"\" \/>\t\t\t\t\t\t\t\t\t\t\t\t\t\t\t<\/div>\n\t\t\t\t<\/div>\n\t\t<div class=\"elementor-element elementor-element-72690e9 e-con-full e-flex e-con e-child\" data-id=\"72690e9\" data-element_type=\"container\" data-settings=\"{&quot;_ha_eqh_enable&quot;:false}\">\n\t\t\t\t<div class=\"elementor-element elementor-element-9075778 elementor-widget elementor-widget-heading\" data-id=\"9075778\" data-element_type=\"widget\" data-widget_type=\"heading.default\">\n\t\t\t\t\t<h2 class=\"elementor-heading-title elementor-size-default\">Mat\u00e9riaux recycl\u00e9s et biomat\u00e9riaux : disponibles imm\u00e9diatement<\/h2>\t\t\t\t<\/div>\n\t\t\t\t<div class=\"elementor-element elementor-element-4e1d8fb elementor-widget elementor-widget-text-editor\" data-id=\"4e1d8fb\" data-element_type=\"widget\" data-widget_type=\"text-editor.default\">\n\t\t\t\t\t\t\t\t\t<div class=\"lg:flex gap-8\"><div class=\"w-full lg:w-1\/2\"><p>Nous sommes d\u00e9j\u00e0 en mesure de fournir de nombreux composants en PCR-PP (plastique recycl\u00e9 post-consommation) ou en plastiques biosourc\u00e9s, par exemple pour des applications cosm\u00e9tiques, alimentaires ou non alimentaires. Nous r\u00e9alisons volontiers des lots pilotes ou des s\u00e9ries comparatives afin que vous puissiez prendre des d\u00e9cisions \u00e9clair\u00e9es pour votre gamme de produits. <\/p><\/div><\/div>\t\t\t\t\t\t\t\t<\/div>\n\t\t\t\t<\/div>\n\t\t\t\t\t<\/div>\n\t\t\t\t<\/div>\n\t\t<div class=\"elementor-element elementor-element-0b54c3f e-flex e-con-boxed elementor-invisible e-con e-parent\" data-id=\"0b54c3f\" data-element_type=\"container\" data-settings=\"{&quot;background_background&quot;:&quot;classic&quot;,&quot;animation&quot;:&quot;fadeInUp&quot;,&quot;_ha_eqh_enable&quot;:false}\">\n\t\t\t\t\t<div class=\"e-con-inner\">\n\t\t<div class=\"elementor-element elementor-element-b5a77c5 e-con-full e-flex e-con e-child\" data-id=\"b5a77c5\" data-element_type=\"container\" data-settings=\"{&quot;_ha_eqh_enable&quot;:false}\">\n\t\t\t\t<div class=\"elementor-element elementor-element-12521df elementor-widget elementor-widget-image\" data-id=\"12521df\" data-element_type=\"widget\" data-widget_type=\"image.default\">\n\t\t\t\t\t\t\t\t\t\t\t\t\t\t\t<img loading=\"lazy\" decoding=\"async\" width=\"800\" height=\"848\" src=\"https:\/\/lorenzg.com\/wp-content\/uploads\/2025\/07\/Nachhaltigkeit-3-Blk.svg\" class=\"attachment-large size-large wp-image-389\" alt=\"\" \/>\t\t\t\t\t\t\t\t\t\t\t\t\t\t\t<\/div>\n\t\t\t\t<\/div>\n\t\t<div class=\"elementor-element elementor-element-b7c2633 e-con-full e-flex e-con e-child\" data-id=\"b7c2633\" data-element_type=\"container\" data-settings=\"{&quot;_ha_eqh_enable&quot;:false}\">\n\t\t\t\t<div class=\"elementor-element elementor-element-5f7cd4c elementor-widget elementor-widget-heading\" data-id=\"5f7cd4c\" data-element_type=\"widget\" data-widget_type=\"heading.default\">\n\t\t\t\t\t<h2 class=\"elementor-heading-title elementor-size-default\">Une production efficace = moins de consommation de ressources<\/h2>\t\t\t\t<\/div>\n\t\t\t\t<div class=\"elementor-element elementor-element-2def995 elementor-widget elementor-widget-text-editor\" data-id=\"2def995\" data-element_type=\"widget\" data-widget_type=\"text-editor.default\">\n\t\t\t\t\t\t\t\t\t<div class=\"lg:flex gap-8\"><div class=\"w-full lg:w-1\/2\"><p>Notre production est optimis\u00e9e pour des temps de pr\u00e9paration courts, un minimum de rebuts et une grande r\u00e9p\u00e9tabilit\u00e9. Gr\u00e2ce \u00e0 un approvisionnement local, des trajets courts et des outils modernes, nous minimisons la consommation d&rsquo;\u00e9nergie et de mat\u00e9riaux, sans pour autant compromettre la pr\u00e9cision. <\/p><\/div><\/div>\t\t\t\t\t\t\t\t<\/div>\n\t\t\t\t<\/div>\n\t\t\t\t\t<\/div>\n\t\t\t\t<\/div>\n\t\t<div class=\"elementor-element elementor-element-d702e35 e-flex e-con-boxed e-con e-parent\" data-id=\"d702e35\" data-element_type=\"container\" data-settings=\"{&quot;background_background&quot;:&quot;classic&quot;,&quot;_ha_eqh_enable&quot;:false}\">\n\t\t\t\t\t<div class=\"e-con-inner\">\n\t\t\t\t\t<\/div>\n\t\t\t\t<\/div>\n\t\t<div class=\"elementor-element elementor-element-6f4bb4e e-flex e-con-boxed elementor-invisible e-con e-parent\" data-id=\"6f4bb4e\" data-element_type=\"container\" data-settings=\"{&quot;background_background&quot;:&quot;classic&quot;,&quot;animation&quot;:&quot;fadeInUp&quot;,&quot;_ha_eqh_enable&quot;:false}\">\n\t\t\t\t\t<div class=\"e-con-inner\">\n\t\t<div class=\"elementor-element elementor-element-42ccca6 e-con-full e-flex e-con e-child\" data-id=\"42ccca6\" data-element_type=\"container\" data-settings=\"{&quot;_ha_eqh_enable&quot;:false}\">\n\t\t\t\t<div class=\"elementor-element elementor-element-4d65b12 elementor-widget elementor-widget-image\" data-id=\"4d65b12\" data-element_type=\"widget\" data-widget_type=\"image.default\">\n\t\t\t\t\t\t\t\t\t\t\t\t\t\t\t<img loading=\"lazy\" decoding=\"async\" width=\"800\" height=\"808\" src=\"https:\/\/lorenzg.com\/wp-content\/uploads\/2025\/07\/Nachhaltigkeit-4-Blk.svg\" class=\"attachment-large size-large wp-image-384\" alt=\"\" \/>\t\t\t\t\t\t\t\t\t\t\t\t\t\t\t<\/div>\n\t\t\t\t<\/div>\n\t\t<div class=\"elementor-element elementor-element-4c783e2 e-con-full e-flex e-con e-child\" data-id=\"4c783e2\" data-element_type=\"container\" data-settings=\"{&quot;_ha_eqh_enable&quot;:false}\">\n\t\t\t\t<div class=\"elementor-element elementor-element-6186876 elementor-widget elementor-widget-heading\" data-id=\"6186876\" data-element_type=\"widget\" data-widget_type=\"heading.default\">\n\t\t\t\t\t<h2 class=\"elementor-heading-title elementor-size-default\">Surveillance du CO\u2082 par composant \u2013 disponible sur demande\n\n<\/h2>\t\t\t\t<\/div>\n\t\t\t\t<div class=\"elementor-element elementor-element-2bf2ec1 elementor-widget elementor-widget-text-editor\" data-id=\"2bf2ec1\" data-element_type=\"widget\" data-widget_type=\"text-editor.default\">\n\t\t\t\t\t\t\t\t\t<div class=\"lg:flex gap-8\"><div class=\"w-full lg:w-1\/2\"><p>Vous souhaitez am\u00e9liorer le bilan climatique de vos produits ? Sur demande, nous vous fournissons les premi\u00e8res donn\u00e9es relatives au CO\u2082 pour les mat\u00e9riaux, la fabrication et l&#8217;emballage, au niveau des composants ou par lot. Nous d\u00e9veloppons cette offre afin de vous aider de mani\u00e8re cibl\u00e9e dans vos d\u00e9clarations ou vos analyses de port\u00e9e.  <\/p><\/div><\/div>\t\t\t\t\t\t\t\t<\/div>\n\t\t\t\t<\/div>\n\t\t\t\t\t<\/div>\n\t\t\t\t<\/div>\n\t\t<div class=\"elementor-element elementor-element-ee32144 e-flex e-con-boxed elementor-invisible e-con e-parent\" data-id=\"ee32144\" data-element_type=\"container\" data-settings=\"{&quot;background_background&quot;:&quot;classic&quot;,&quot;animation&quot;:&quot;fadeInUp&quot;,&quot;_ha_eqh_enable&quot;:false}\">\n\t\t\t\t\t<div class=\"e-con-inner\">\n\t\t<div class=\"elementor-element elementor-element-9fd98aa e-con-full e-flex e-con e-child\" data-id=\"9fd98aa\" data-element_type=\"container\" data-settings=\"{&quot;_ha_eqh_enable&quot;:false}\">\n\t\t\t\t<div class=\"elementor-element elementor-element-e87592a elementor-widget elementor-widget-image\" data-id=\"e87592a\" data-element_type=\"widget\" data-widget_type=\"image.default\">\n\t\t\t\t\t\t\t\t\t\t\t\t\t\t\t<img loading=\"lazy\" decoding=\"async\" width=\"800\" height=\"856\" src=\"https:\/\/lorenzg.com\/wp-content\/uploads\/2025\/07\/Nachhaltigkeit-6-Blk.svg\" class=\"attachment-large size-large wp-image-374\" alt=\"\" \/>\t\t\t\t\t\t\t\t\t\t\t\t\t\t\t<\/div>\n\t\t\t\t<\/div>\n\t\t<div class=\"elementor-element elementor-element-4d07d88 e-con-full e-flex e-con e-child\" data-id=\"4d07d88\" data-element_type=\"container\" data-settings=\"{&quot;_ha_eqh_enable&quot;:false}\">\n\t\t\t\t<div class=\"elementor-element elementor-element-a066140 elementor-widget elementor-widget-heading\" data-id=\"a066140\" data-element_type=\"widget\" data-widget_type=\"heading.default\">\n\t\t\t\t\t<h2 class=\"elementor-heading-title elementor-size-default\">Modules flexibles \u2013 pragmatiques plut\u00f4t que dogmatiques<\/h2>\t\t\t\t<\/div>\n\t\t\t\t<div class=\"elementor-element elementor-element-1486117 elementor-widget elementor-widget-text-editor\" data-id=\"1486117\" data-element_type=\"widget\" data-widget_type=\"text-editor.default\">\n\t\t\t\t\t\t\t\t\t<div class=\"lg:flex gap-8\"><div class=\"w-full lg:w-1\/2\"><div class=\"lg:flex gap-8 mt-12\"><div class=\"w-full lg:w-1\/2\"><p>La durabilit\u00e9 n&rsquo;est pas une question de tout ou rien. C&rsquo;est pourquoi nous proposons des solutions \u00e9volutives : de la conversion individuelle \u00e0 la PCR aux s\u00e9ries avec bilan carbone. Avec vous, nous choisissons ce qui convient \u00e0 votre produit, \u00e0 votre march\u00e9 et \u00e0 votre budget \u2013 de mani\u00e8re honn\u00eate, transparente et \u00e9volutive \u00e0 tout moment.  <\/p><\/div><\/div><footer class=\"mt-16 text-center\"><p class=\"text-sm text-gray-600\">Chez LorenzG, la durabilit\u00e9 n&rsquo;est pas un sujet secondaire, mais une mission claire. Pour votre marque. Pour vos clients. Et pour demain.<br><br><br><br>   <\/p><\/footer><\/div><\/div>\t\t\t\t\t\t\t\t<\/div>\n\t\t\t\t<\/div>\n\t\t\t\t\t<\/div>\n\t\t\t\t<\/div>\n\t\t\t\t<\/div>\n\t\t","protected":false},"excerpt":{"rendered":"<p>Durable et p\u00e9renne. Les composants fabriqu\u00e9s avec notre option PCR-PP permettent de r\u00e9duire l&#8217;empreinte carbone jusqu&rsquo;\u00e0 28 %. La mati\u00e8re premi\u00e8re utilis\u00e9e est compos\u00e9e \u00e0 40 % de recyclat post-consommation de qualit\u00e9 alimentaire et reste enti\u00e8rement recyclable dans le cycle du PP. Les propri\u00e9t\u00e9s du mat\u00e9riau restent pratiquement identiques : robustesse m\u00e9canique, r\u00e9sistance chimique, aspect [&hellip;]<\/p>\n","protected":false},"author":1,"featured_media":0,"parent":0,"menu_order":0,"comment_status":"closed","ping_status":"closed","template":"","meta":{"inline_featured_image":false,"footnotes":""},"class_list":["post-2042","page","type-page","status-publish","hentry"],"_links":{"self":[{"href":"https:\/\/lorenzg.com\/fr\/wp-json\/wp\/v2\/pages\/2042","targetHints":{"allow":["GET"]}}],"collection":[{"href":"https:\/\/lorenzg.com\/fr\/wp-json\/wp\/v2\/pages"}],"about":[{"href":"https:\/\/lorenzg.com\/fr\/wp-json\/wp\/v2\/types\/page"}],"author":[{"embeddable":true,"href":"https:\/\/lorenzg.com\/fr\/wp-json\/wp\/v2\/users\/1"}],"replies":[{"embeddable":true,"href":"https:\/\/lorenzg.com\/fr\/wp-json\/wp\/v2\/comments?post=2042"}],"version-history":[{"count":5,"href":"https:\/\/lorenzg.com\/fr\/wp-json\/wp\/v2\/pages\/2042\/revisions"}],"predecessor-version":[{"id":2951,"href":"https:\/\/lorenzg.com\/fr\/wp-json\/wp\/v2\/pages\/2042\/revisions\/2951"}],"wp:attachment":[{"href":"https:\/\/lorenzg.com\/fr\/wp-json\/wp\/v2\/media?parent=2042"}],"curies":[{"name":"wp","href":"https:\/\/api.w.org\/{rel}","templated":true}]}}