{"id":1417,"date":"2025-09-03T13:49:43","date_gmt":"2025-09-03T13:49:43","guid":{"rendered":"https:\/\/lorenzg.com\/qualite\/"},"modified":"2025-10-16T14:20:35","modified_gmt":"2025-10-16T14:20:35","slug":"qualite","status":"publish","type":"page","link":"https:\/\/lorenzg.com\/fr\/qualite\/","title":{"rendered":"Qualit\u00e9"},"content":{"rendered":"\t\t<div data-elementor-type=\"wp-page\" data-elementor-id=\"1417\" class=\"elementor elementor-1417 elementor-1219\" data-elementor-settings=\"{&quot;ha_cmc_init_switcher&quot;:&quot;no&quot;}\" data-elementor-post-type=\"page\">\n\t\t\t\t<div class=\"elementor-element elementor-element-414c45b e-flex e-con-boxed e-con e-parent\" data-id=\"414c45b\" data-element_type=\"container\" data-settings=\"{&quot;background_background&quot;:&quot;classic&quot;,&quot;_ha_eqh_enable&quot;:false}\">\n\t\t\t\t\t<div class=\"e-con-inner\">\n\t\t\t\t\t<\/div>\n\t\t\t\t<\/div>\n\t\t<div class=\"elementor-element elementor-element-128ae61 e-flex e-con-boxed e-con e-parent\" data-id=\"128ae61\" data-element_type=\"container\" data-settings=\"{&quot;background_background&quot;:&quot;classic&quot;,&quot;_ha_eqh_enable&quot;:false}\">\n\t\t\t\t\t<div class=\"e-con-inner\">\n\t\t<div class=\"elementor-element elementor-element-cc8b598 e-con-full e-flex e-con e-child\" data-id=\"cc8b598\" data-element_type=\"container\" data-settings=\"{&quot;_ha_eqh_enable&quot;:false}\">\n\t\t\t\t<div class=\"elementor-element elementor-element-ab42994 elementor-widget elementor-widget-heading\" data-id=\"ab42994\" data-element_type=\"widget\" data-widget_type=\"heading.default\">\n\t\t\t\t\t<h2 class=\"elementor-heading-title elementor-size-default\">La qualit\u00e9 dans les d\u00e9tails.<\/h2>\t\t\t\t<\/div>\n\t\t\t\t<div class=\"elementor-element elementor-element-b79f76a elementor-widget elementor-widget-button\" data-id=\"b79f76a\" data-element_type=\"widget\" data-widget_type=\"button.default\">\n\t\t\t\t\t\t\t\t\t\t<a class=\"elementor-button elementor-button-link elementor-size-sm\" href=\"#elementor-action%3Aaction%3Dpopup%3Aopen%26settings%3DeyJpZCI6NzE2LCJ0b2dnbGUiOmZhbHNlfQ%3D%3D\">\n\t\t\t\t\t\t<span class=\"elementor-button-content-wrapper\">\n\t\t\t\t\t\t<span class=\"elementor-button-icon\">\n\t\t\t\t<svg aria-hidden=\"true\" class=\"e-font-icon-svg e-fas-arrow-right\" viewBox=\"0 0 448 512\" xmlns=\"http:\/\/www.w3.org\/2000\/svg\"><path d=\"M190.5 66.9l22.2-22.2c9.4-9.4 24.6-9.4 33.9 0L441 239c9.4 9.4 9.4 24.6 0 33.9L246.6 467.3c-9.4 9.4-24.6 9.4-33.9 0l-22.2-22.2c-9.5-9.5-9.3-25 .4-34.3L311.4 296H24c-13.3 0-24-10.7-24-24v-32c0-13.3 10.7-24 24-24h287.4L190.9 101.2c-9.8-9.3-10-24.8-.4-34.3z\"><\/path><\/svg>\t\t\t<\/span>\n\t\t\t\t\t\t\t\t\t<span class=\"elementor-button-text\">Lancer une demande de produit<\/span>\n\t\t\t\t\t<\/span>\n\t\t\t\t\t<\/a>\n\t\t\t\t\t\t\t\t<\/div>\n\t\t\t\t<\/div>\n\t\t\t\t<div class=\"elementor-element elementor-element-339e0d3 elementor-widget__width-initial elementor-widget elementor-widget-image\" data-id=\"339e0d3\" data-element_type=\"widget\" data-widget_type=\"image.default\">\n\t\t\t\t\t\t\t\t\t\t\t\t<figure class=\"wp-caption\">\n\t\t\t\t\t\t\t\t\t\t\t<a href=\"https:\/\/lorenzg.com\/wp-content\/uploads\/2025\/09\/Lorenz_Flyer-6SDL-Qualitaet-to-prnt.pdf\">\n\t\t\t\t\t\t\t<img fetchpriority=\"high\" decoding=\"async\" width=\"2560\" height=\"1707\" src=\"https:\/\/lorenzg.com\/wp-content\/uploads\/2025\/09\/Leaflet_Qualitaet-3x99x210_Mockup_1-scaled.jpg\" class=\"attachment-full size-full wp-image-1886\" alt=\"\" srcset=\"https:\/\/lorenzg.com\/wp-content\/uploads\/2025\/09\/Leaflet_Qualitaet-3x99x210_Mockup_1-scaled.jpg 2560w, https:\/\/lorenzg.com\/wp-content\/uploads\/2025\/09\/Leaflet_Qualitaet-3x99x210_Mockup_1-300x200.jpg 300w, https:\/\/lorenzg.com\/wp-content\/uploads\/2025\/09\/Leaflet_Qualitaet-3x99x210_Mockup_1-1024x683.jpg 1024w, https:\/\/lorenzg.com\/wp-content\/uploads\/2025\/09\/Leaflet_Qualitaet-3x99x210_Mockup_1-768x512.jpg 768w, https:\/\/lorenzg.com\/wp-content\/uploads\/2025\/09\/Leaflet_Qualitaet-3x99x210_Mockup_1-1536x1024.jpg 1536w, https:\/\/lorenzg.com\/wp-content\/uploads\/2025\/09\/Leaflet_Qualitaet-3x99x210_Mockup_1-2048x1365.jpg 2048w\" sizes=\"(max-width: 2560px) 100vw, 2560px\" \/>\t\t\t\t\t\t\t\t<\/a>\n\t\t\t\t\t\t\t\t\t\t\t<figcaption class=\"widget-image-caption wp-caption-text\">T\u00e9l\u00e9charger le d\u00e9pliant<\/figcaption>\n\t\t\t\t\t\t\t\t\t\t<\/figure>\n\t\t\t\t\t\t\t\t\t<\/div>\n\t\t\t\t\t<\/div>\n\t\t\t\t<\/div>\n\t\t<div class=\"elementor-element elementor-element-6c9e011 e-con-full e-flex e-con e-parent\" data-id=\"6c9e011\" data-element_type=\"container\" data-settings=\"{&quot;_ha_eqh_enable&quot;:false}\">\n\t\t<div class=\"elementor-element elementor-element-c6fcf73 e-con-full e-flex e-con e-child\" data-id=\"c6fcf73\" data-element_type=\"container\" data-settings=\"{&quot;_ha_eqh_enable&quot;:false}\">\n\t\t\t\t<div class=\"elementor-element elementor-element-848f075 elementor-widget elementor-widget-heading\" data-id=\"848f075\" data-element_type=\"widget\" data-widget_type=\"heading.default\">\n\t\t\t\t\t<h2 class=\"elementor-heading-title elementor-size-default\">Mati\u00e8res premi\u00e8res de premier choix<\/h2>\t\t\t\t<\/div>\n\t\t\t\t<div class=\"elementor-element elementor-element-b3753e4 elementor-widget elementor-widget-text-editor\" data-id=\"b3753e4\" data-element_type=\"widget\" data-widget_type=\"text-editor.default\">\n\t\t\t\t\t\t\t\t\t<p class=\"p1\">Nous ne traitons que des <strong>r\u00e9sines \u00ab prime \u00bb soigneusement<\/strong> s\u00e9lectionn\u00e9es. Le LDPE et le PP, avec des sp\u00e9cifications MFI strictes, garantissent <strong>des propri\u00e9t\u00e9s d&rsquo;\u00e9coulement uniformes<\/strong>. Chaque lot est enti\u00e8rement tra\u00e7able, avec fiche technique et certificat d&rsquo;analyse. Sur demande, \u00e9galement disponible <strong>en option durable<\/strong> avec une part de PCR.Sur demande, \u00e9galement disponible en option durable avec une part de PCR.<\/p><p class=\"p1\"><strong>La qualit\u00e9 commence donc d\u00e8s le grain.<\/strong><\/p>\t\t\t\t\t\t\t\t<\/div>\n\t\t\t\t<\/div>\n\t\t<div class=\"elementor-element elementor-element-684931a e-con-full e-flex e-con e-child\" data-id=\"684931a\" data-element_type=\"container\" data-settings=\"{&quot;background_background&quot;:&quot;classic&quot;,&quot;_ha_eqh_enable&quot;:false}\">\n\t\t\t\t<\/div>\n\t\t\t\t<\/div>\n\t\t<div class=\"elementor-element elementor-element-f213068 e-con-full e-flex e-con e-parent\" data-id=\"f213068\" data-element_type=\"container\" data-settings=\"{&quot;_ha_eqh_enable&quot;:false}\">\n\t\t<div class=\"elementor-element elementor-element-9d43c8a e-con-full e-flex e-con e-child\" data-id=\"9d43c8a\" data-element_type=\"container\" data-settings=\"{&quot;_ha_eqh_enable&quot;:false}\">\n\t\t\t\t<div class=\"elementor-element elementor-element-1da9021 elementor-widget elementor-widget-heading\" data-id=\"1da9021\" data-element_type=\"widget\" data-widget_type=\"heading.default\">\n\t\t\t\t\t<h2 class=\"elementor-heading-title elementor-size-default\">Nettoyer et poncer<\/h2>\t\t\t\t<\/div>\n\t\t\t\t<div class=\"elementor-element elementor-element-c9cd03c elementor-widget elementor-widget-text-editor\" data-id=\"c9cd03c\" data-element_type=\"widget\" data-widget_type=\"text-editor.default\">\n\t\t\t\t\t\t\t\t\t<p class=\"p1\">Nos billes sont <strong>rectifi\u00e9es \u00e0 l&rsquo;eau<\/strong> \u2013 de mani\u00e8re contr\u00f4l\u00e9e, en douceur et reproductible. Les fluides de process, le temps et la pression sont surveill\u00e9s num\u00e9riquement. Le r\u00e9sultat : <strong>des surfaces rondes, sans bavures<\/strong>, avec une rugosit\u00e9 sp\u00e9ciale. Nous nettoyons et s\u00e9chons ensuite en produisant <strong>peu de particules<\/strong>.<\/p><p class=\"p1\"><strong>Pr\u00eat pour les applications sensibles.<\/strong><\/p>\t\t\t\t\t\t\t\t<\/div>\n\t\t\t\t<\/div>\n\t\t<div class=\"elementor-element elementor-element-9dca4bf e-con-full e-flex e-con e-child\" data-id=\"9dca4bf\" data-element_type=\"container\" data-settings=\"{&quot;background_background&quot;:&quot;classic&quot;,&quot;_ha_eqh_enable&quot;:false}\">\n\t\t\t\t<\/div>\n\t\t\t\t<\/div>\n\t\t<div class=\"elementor-element elementor-element-90e35f2 e-con-full e-flex e-con e-parent\" data-id=\"90e35f2\" data-element_type=\"container\" data-settings=\"{&quot;background_background&quot;:&quot;video&quot;,&quot;background_video_link&quot;:&quot;https:\\\/\\\/lorenzg.com\\\/wp-content\\\/uploads\\\/2025\\\/09\\\/Joy_20250902_131442_790_video.mp4&quot;,&quot;_ha_eqh_enable&quot;:false}\">\n\t\t<div class=\"elementor-background-video-container elementor-hidden-mobile\" aria-hidden=\"true\">\n\t\t\t\t\t\t\t<video class=\"elementor-background-video-hosted\" autoplay muted playsinline loop><\/video>\n\t\t\t\t\t<\/div>\t\t<div class=\"elementor-element elementor-element-3d5d527 elementor-widget elementor-widget-heading\" data-id=\"3d5d527\" data-element_type=\"widget\" data-widget_type=\"heading.default\">\n\t\t\t\t\t<h2 class=\"elementor-heading-title elementor-size-default\">Plus de 200 millions de balles par an .<\/h2>\t\t\t\t<\/div>\n\t\t\t\t<\/div>\n\t\t<div class=\"elementor-element elementor-element-83e0e77 e-con-full e-flex e-con e-parent\" data-id=\"83e0e77\" data-element_type=\"container\" data-settings=\"{&quot;_ha_eqh_enable&quot;:false}\">\n\t\t<div class=\"elementor-element elementor-element-6b0e0b9 e-con-full e-flex e-con e-child\" data-id=\"6b0e0b9\" data-element_type=\"container\" data-settings=\"{&quot;_ha_eqh_enable&quot;:false}\">\n\t\t\t\t<div class=\"elementor-element elementor-element-99ba8cd elementor-widget elementor-widget-heading\" data-id=\"99ba8cd\" data-element_type=\"widget\" data-widget_type=\"heading.default\">\n\t\t\t\t\t<h2 class=\"elementor-heading-title elementor-size-default\">Mesures pr\u00e9cises<\/h2>\t\t\t\t<\/div>\n\t\t\t\t<div class=\"elementor-element elementor-element-8271b60 elementor-widget elementor-widget-text-editor\" data-id=\"8271b60\" data-element_type=\"widget\" data-widget_type=\"text-editor.default\">\n\t\t\t\t\t\t\t\t\t<p class=\"p1\">La mesure de coordonn\u00e9es \u00e0 <strong>3 axes contr\u00f4le<\/strong> chaque g\u00e9om\u00e9trie pertinente. Les proc\u00e9d\u00e9s tactiles et optiques fournissent des <strong>valeurs fiables<\/strong>. Les \u00e9valuations SPC et les protocoles de contr\u00f4le en font partie. \u00c9chantillon AQL ou contr\u00f4le \u00e0 100 % \u2013 <strong>selon les exigences.<\/strong>   <\/p><p class=\"p1\"><strong>La qualit\u00e9 devient ainsi mesurable et v\u00e9rifiable.<\/strong><\/p>\t\t\t\t\t\t\t\t<\/div>\n\t\t\t\t<\/div>\n\t\t<div class=\"elementor-element elementor-element-accbc59 e-con-full e-flex e-con e-child\" data-id=\"accbc59\" data-element_type=\"container\" data-settings=\"{&quot;background_background&quot;:&quot;classic&quot;,&quot;_ha_eqh_enable&quot;:false}\">\n\t\t\t\t<\/div>\n\t\t\t\t<\/div>\n\t\t<div class=\"elementor-element elementor-element-eec0c54 e-con-full e-flex e-con e-parent\" data-id=\"eec0c54\" data-element_type=\"container\" data-settings=\"{&quot;_ha_eqh_enable&quot;:false}\">\n\t\t<div class=\"elementor-element elementor-element-db7d410 e-con-full e-flex e-con e-child\" data-id=\"db7d410\" data-element_type=\"container\" data-settings=\"{&quot;_ha_eqh_enable&quot;:false}\">\n\t\t\t\t<div class=\"elementor-element elementor-element-4866726 elementor-widget elementor-widget-heading\" data-id=\"4866726\" data-element_type=\"widget\" data-widget_type=\"heading.default\">\n\t\t\t\t\t<h2 class=\"elementor-heading-title elementor-size-default\">Tout aussi bons les uns que les autres<\/h2>\t\t\t\t<\/div>\n\t\t\t\t<div class=\"elementor-element elementor-element-ef33e44 elementor-widget elementor-widget-text-editor\" data-id=\"ef33e44\" data-element_type=\"widget\" data-widget_type=\"text-editor.default\">\n\t\t\t\t\t\t\t\t\t<p class=\"p1\"><strong>La constance des s\u00e9ries<\/strong> est notre norme. <strong>Des tol\u00e9rances strictes <\/strong>et des processus stables garantissent des r\u00e9sultats identiques. Chaque lot est valid\u00e9 et document\u00e9. Votre ligne fonctionne <strong>sans r\u00e9glag<\/strong>e, de la premi\u00e8re \u00e0 la derni\u00e8re pi\u00e8ce.<\/p><p class=\"p1\"><strong>Une fiabilit\u00e9 qui r\u00e9duit les co\u00fbts.<\/strong><\/p>\t\t\t\t\t\t\t\t<\/div>\n\t\t\t\t<\/div>\n\t\t<div class=\"elementor-element elementor-element-28c11b8 e-con-full e-flex e-con e-child\" data-id=\"28c11b8\" data-element_type=\"container\" data-settings=\"{&quot;background_background&quot;:&quot;classic&quot;,&quot;_ha_eqh_enable&quot;:false}\">\n\t\t\t\t<\/div>\n\t\t\t\t<\/div>\n\t\t<div class=\"elementor-element elementor-element-e6cb1da e-con-full e-flex e-con e-parent\" data-id=\"e6cb1da\" data-element_type=\"container\" data-settings=\"{&quot;background_background&quot;:&quot;video&quot;,&quot;background_video_link&quot;:&quot;https:\\\/\\\/lorenzg.com\\\/wp-content\\\/uploads\\\/2025\\\/09\\\/Joy_20250902_131553_625_video.mp4&quot;,&quot;_ha_eqh_enable&quot;:false}\">\n\t\t<div class=\"elementor-background-video-container elementor-hidden-mobile\" aria-hidden=\"true\">\n\t\t\t\t\t\t\t<video class=\"elementor-background-video-hosted\" autoplay muted playsinline loop><\/video>\n\t\t\t\t\t<\/div>\t\t<div class=\"elementor-element elementor-element-67bd385 elementor-widget elementor-widget-heading\" data-id=\"67bd385\" data-element_type=\"widget\" data-widget_type=\"heading.default\">\n\t\t\t\t\t<h2 class=\"elementor-heading-title elementor-size-default\">Avec un ajustement parfait<\/h2>\t\t\t\t<\/div>\n\t\t\t\t<\/div>\n\t\t<div class=\"elementor-element elementor-element-f2035ff e-con-full e-flex e-con e-parent\" data-id=\"f2035ff\" data-element_type=\"container\" data-settings=\"{&quot;_ha_eqh_enable&quot;:false}\">\n\t\t<div class=\"elementor-element elementor-element-f1ee40f e-con-full e-flex e-con e-child\" data-id=\"f1ee40f\" data-element_type=\"container\" data-settings=\"{&quot;_ha_eqh_enable&quot;:false}\">\n\t\t\t\t<div class=\"elementor-element elementor-element-000aac7 elementor-widget elementor-widget-heading\" data-id=\"000aac7\" data-element_type=\"widget\" data-widget_type=\"heading.default\">\n\t\t\t\t\t<h2 class=\"elementor-heading-title elementor-size-default\">Applicateurs haut de gamme<\/h2>\t\t\t\t<\/div>\n\t\t\t\t<div class=\"elementor-element elementor-element-b0e499c elementor-widget elementor-widget-text-editor\" data-id=\"b0e499c\" data-element_type=\"widget\" data-widget_type=\"text-editor.default\">\n\t\t\t\t\t\t\t\t\t<p class=\"p1\">Nos raccords guident la bille <strong>avec pr\u00e9cision<\/strong> et garantissent<strong> l&rsquo;\u00e9tanch\u00e9it\u00e9<\/strong> de votre bouteille. L\u00e8vre d&rsquo;\u00e9tanch\u00e9it\u00e9 en PP, LDPE ou TPE \u2013 adapt\u00e9e \u00e0 votre fluide. Dosage pr\u00e9cis, faible frottement, sensation agr\u00e9able sur la peau. <strong>Compatible<\/strong> avec les goulots et bouchons courants.<\/p><p class=\"p1\"><strong>Sur demande, \u00e9galement disponible en rPP ou dans des couleurs personnalis\u00e9es.<\/strong><\/p>\t\t\t\t\t\t\t\t<\/div>\n\t\t\t\t<\/div>\n\t\t<div class=\"elementor-element elementor-element-f36a519 e-con-full e-flex e-con e-child\" data-id=\"f36a519\" data-element_type=\"container\" data-settings=\"{&quot;background_background&quot;:&quot;classic&quot;,&quot;_ha_eqh_enable&quot;:false}\">\n\t\t\t\t<\/div>\n\t\t\t\t<\/div>\n\t\t<div class=\"elementor-element elementor-element-b358a93 e-con-full e-flex e-con e-parent\" data-id=\"b358a93\" data-element_type=\"container\" data-settings=\"{&quot;_ha_eqh_enable&quot;:false}\">\n\t\t<div class=\"elementor-element elementor-element-6044547 e-con-full e-flex e-con e-child\" data-id=\"6044547\" data-element_type=\"container\" data-settings=\"{&quot;_ha_eqh_enable&quot;:false}\">\n\t\t\t\t<div class=\"elementor-element elementor-element-a9344f4 elementor-widget elementor-widget-heading\" data-id=\"a9344f4\" data-element_type=\"widget\" data-widget_type=\"heading.default\">\n\t\t\t\t\t<h2 class=\"elementor-heading-title elementor-size-default\">Roll-ons pr\u00eats \u00e0 l'emploi<\/h2>\t\t\t\t<\/div>\n\t\t\t\t<div class=\"elementor-element elementor-element-7a613be elementor-widget elementor-widget-text-editor\" data-id=\"7a613be\" data-element_type=\"widget\" data-widget_type=\"text-editor.default\">\n\t\t\t\t\t\t\t\t\t<p class=\"p1\"><strong>Solutions compl\u00e8tes d&rsquo;un seul fournisseur<\/strong> : bille, raccord, bouchon et bouteille. Combinaison de mat\u00e9riaux selon l&rsquo;application : <strong>plastique, acier inoxydable, c\u00e9ramique, verre<\/strong>.  Dichtigkeits- und Funktionstests sichern die Serienreife. \u00c9chantillon en 72 heures, d\u00e9but de la production en s\u00e9rie dans 4 semaines.<\/p><p class=\"p1\"><strong>Pr\u00eat pour la mise en bouteille, l&rsquo;exp\u00e9dition et votre lancement sur le march\u00e9.<\/strong><\/p>\t\t\t\t\t\t\t\t<\/div>\n\t\t\t\t<\/div>\n\t\t<div class=\"elementor-element elementor-element-36f5d9e e-con-full e-flex e-con e-child\" data-id=\"36f5d9e\" data-element_type=\"container\" data-settings=\"{&quot;background_background&quot;:&quot;classic&quot;,&quot;_ha_eqh_enable&quot;:false}\">\n\t\t\t\t<\/div>\n\t\t\t\t<\/div>\n\t\t\t\t<\/div>\n\t\t","protected":false},"excerpt":{"rendered":"<p>La qualit\u00e9 dans les d\u00e9tails. Lancer une demande de produit T\u00e9l\u00e9charger le d\u00e9pliant Mati\u00e8res premi\u00e8res de premier choix Nous ne traitons que des r\u00e9sines \u00ab prime \u00bb soigneusement s\u00e9lectionn\u00e9es. Le LDPE et le PP, avec des sp\u00e9cifications MFI strictes, garantissent des propri\u00e9t\u00e9s d&rsquo;\u00e9coulement uniformes. Chaque lot est enti\u00e8rement tra\u00e7able, avec fiche technique et certificat d&rsquo;analyse. [&hellip;]<\/p>\n","protected":false},"author":2,"featured_media":0,"parent":0,"menu_order":0,"comment_status":"closed","ping_status":"closed","template":"","meta":{"inline_featured_image":false,"footnotes":""},"class_list":["post-1417","page","type-page","status-publish","hentry"],"_links":{"self":[{"href":"https:\/\/lorenzg.com\/fr\/wp-json\/wp\/v2\/pages\/1417","targetHints":{"allow":["GET"]}}],"collection":[{"href":"https:\/\/lorenzg.com\/fr\/wp-json\/wp\/v2\/pages"}],"about":[{"href":"https:\/\/lorenzg.com\/fr\/wp-json\/wp\/v2\/types\/page"}],"author":[{"embeddable":true,"href":"https:\/\/lorenzg.com\/fr\/wp-json\/wp\/v2\/users\/2"}],"replies":[{"embeddable":true,"href":"https:\/\/lorenzg.com\/fr\/wp-json\/wp\/v2\/comments?post=1417"}],"version-history":[{"count":7,"href":"https:\/\/lorenzg.com\/fr\/wp-json\/wp\/v2\/pages\/1417\/revisions"}],"predecessor-version":[{"id":2835,"href":"https:\/\/lorenzg.com\/fr\/wp-json\/wp\/v2\/pages\/1417\/revisions\/2835"}],"wp:attachment":[{"href":"https:\/\/lorenzg.com\/fr\/wp-json\/wp\/v2\/media?parent=1417"}],"curies":[{"name":"wp","href":"https:\/\/api.w.org\/{rel}","templated":true}]}}