{"id":2898,"date":"2025-07-28T15:07:51","date_gmt":"2025-07-28T15:07:51","guid":{"rendered":"https:\/\/lorenzg.com\/roll-on\/"},"modified":"2025-10-17T12:08:45","modified_gmt":"2025-10-17T12:08:45","slug":"roll-on","status":"publish","type":"page","link":"https:\/\/lorenzg.com\/es\/roll-on\/","title":{"rendered":"Roll-on"},"content":{"rendered":"\t\t<div data-elementor-type=\"wp-page\" data-elementor-id=\"2898\" class=\"elementor elementor-2898 elementor-187\" data-elementor-settings=\"{&quot;ha_cmc_init_switcher&quot;:&quot;no&quot;}\" data-elementor-post-type=\"page\">\n\t\t\t\t<main class=\"elementor-element elementor-element-cd16cd8 e-con-full e-flex e-con e-parent\" data-id=\"cd16cd8\" data-element_type=\"container\" data-settings=\"{&quot;background_background&quot;:&quot;classic&quot;,&quot;_ha_eqh_enable&quot;:false}\">\n\t\t\t\t<\/main>\n\t\t<main class=\"elementor-element elementor-element-e5e5b42 e-flex e-con-boxed e-con e-parent\" data-id=\"e5e5b42\" data-element_type=\"container\" data-settings=\"{&quot;background_background&quot;:&quot;classic&quot;,&quot;_ha_eqh_enable&quot;:false}\">\n\t\t\t\t\t<div class=\"e-con-inner\">\n\t\t\t\t<div class=\"elementor-element elementor-element-af40b08 elementor-widget elementor-widget-heading\" data-id=\"af40b08\" data-element_type=\"widget\" data-widget_type=\"heading.default\">\n\t\t\t\t\t<h2 class=\"elementor-heading-title elementor-size-default\">Roll-on<\/h2>\t\t\t\t<\/div>\n\t\t\t\t<div class=\"elementor-element elementor-element-b9d06d3 elementor-widget elementor-widget-text-editor\" data-id=\"b9d06d3\" data-element_type=\"widget\" data-widget_type=\"text-editor.default\">\n\t\t\t\t\t\t\t\t\t<p>Los roll-ons de Lorenz G. son <strong>especialmente precisos<\/strong> en la interacci\u00f3n entre la <a href=\"https:\/\/lorenzg.com\/es\/bolas\/\" target=\"_blank\" rel=\"noopener\">bola de precisi\u00f3n<\/a> y el <a href=\"https:\/\/lorenzg.com\/es\/accesorios\/\" target=\"_blank\" rel=\"noopener\">accesorio correspondiente<\/a>. Ambos juntos garantizan una dispensaci\u00f3n uniforme del contenido desde el primer uso hasta la \u00faltima gota. Esto es econ\u00f3mico y respetuoso con el medio ambiente. Por eso, muchos de los fabricantes, envasadores y fabricantes de envases m\u00e1s conocidos de todo <strong>el mundo<\/strong> conf\u00edan en nuestros productos desde hace a\u00f1os.<\/p><p class=\"p1\">Ahorre aproximadamente un 6 % del tiempo de llenado gracias a las bolas Lorenz G. de <strong>ajuste perfecto<\/strong>. Por ejemplo, en el caso de la bola de PP macizo de 24,40 mm, la superficie optimizada de la bola<strong> reduce <\/strong>la p\u00e9rdida de producto en un 4 % y aumenta la <strong>disponibilidad de la l\u00ednea<\/strong>, ya que se necesitan muchas menos paradas para la limpieza.<\/p>\t\t\t\t\t\t\t\t<\/div>\n\t\t\t\t<div class=\"elementor-element elementor-element-83f0870 elementor-icon-list--layout-traditional elementor-list-item-link-full_width elementor-widget elementor-widget-icon-list\" data-id=\"83f0870\" data-element_type=\"widget\" data-widget_type=\"icon-list.default\">\n\t\t\t\t\t\t\t<ul class=\"elementor-icon-list-items\">\n\t\t\t\t\t\t\t<li class=\"elementor-icon-list-item\">\n\t\t\t\t\t\t\t\t\t\t\t<a href=\"https:\/\/lorenzg.com\/es\/bolas\/\">\n\n\t\t\t\t\t\t\t\t\t\t\t<span class=\"elementor-icon-list-text\">a las bolas<\/span>\n\t\t\t\t\t\t\t\t\t\t\t<\/a>\n\t\t\t\t\t\t\t\t\t<\/li>\n\t\t\t\t\t\t\t\t<li class=\"elementor-icon-list-item\">\n\t\t\t\t\t\t\t\t\t\t\t<a href=\"https:\/\/lorenzg.com\/es\/accesorios\/\">\n\n\t\t\t\t\t\t\t\t\t\t\t<span class=\"elementor-icon-list-text\">a los accesorios<\/span>\n\t\t\t\t\t\t\t\t\t\t\t<\/a>\n\t\t\t\t\t\t\t\t\t<\/li>\n\t\t\t\t\t\t<\/ul>\n\t\t\t\t\t\t<\/div>\n\t\t\t\t<div class=\"elementor-element elementor-element-e956d40 elementor-widget elementor-widget-heading\" data-id=\"e956d40\" data-element_type=\"widget\" data-widget_type=\"heading.default\">\n\t\t\t\t\t<h2 class=\"elementor-heading-title elementor-size-default\">ROLL-ONS PERFECTOS PARA CUALQUIER MEDIO<\/h2>\t\t\t\t<\/div>\n\t\t\t\t<div class=\"elementor-element elementor-element-2deeeea elementor-widget elementor-widget-text-editor\" data-id=\"2deeeea\" data-element_type=\"widget\" data-widget_type=\"text-editor.default\">\n\t\t\t\t\t\t\t\t\t<p>Seleccione el art\u00edculo o art\u00edculos que desee utilizando <a href=\"https:\/\/lorenzg.com\/#elementor-action%3Aaction%3Dpopup%3Aopen%26settings%3DeyJpZCI6NzE2LCJ0b2dnbGUiOmZhbHNlfQ%3D%3D\">nuestro formulario<\/a> de solicitud y env\u00ede su solicitud.<\/p><p>Aclararemos el plazo de entrega y el precio diario (debido a la dependencia de las materias primas, los costes de fabricaci\u00f3n var\u00edan considerablemente, por lo que no podemos indicar precios aqu\u00ed) y nos pondremos en contacto con usted lo antes posible.<\/p><p><strong>Si no encuentra el producto que busca en nuestra amplia selecci\u00f3n est\u00e1ndar, simplemente env\u00edenos los datos correspondientes. \u00a1Nosotros nos encargaremos! <\/strong><\/p>\t\t\t\t\t\t\t\t<\/div>\n\t\t\t\t<div class=\"elementor-element elementor-element-435aef5 elementor-widget elementor-widget-button\" data-id=\"435aef5\" data-element_type=\"widget\" data-widget_type=\"button.default\">\n\t\t\t\t\t\t\t\t\t\t<a class=\"elementor-button elementor-button-link elementor-size-sm elementor-animation-grow\" href=\"#elementor-action%3Aaction%3Dpopup%3Aopen%26settings%3DeyJpZCI6MjkwNiwidG9nZ2xlIjpmYWxzZX0%3D\">\n\t\t\t\t\t\t<span class=\"elementor-button-content-wrapper\">\n\t\t\t\t\t\t<span class=\"elementor-button-icon\">\n\t\t\t\t<svg aria-hidden=\"true\" class=\"e-font-icon-svg e-fas-arrow-right\" viewBox=\"0 0 448 512\" xmlns=\"http:\/\/www.w3.org\/2000\/svg\"><path d=\"M190.5 66.9l22.2-22.2c9.4-9.4 24.6-9.4 33.9 0L441 239c9.4 9.4 9.4 24.6 0 33.9L246.6 467.3c-9.4 9.4-24.6 9.4-33.9 0l-22.2-22.2c-9.5-9.5-9.3-25 .4-34.3L311.4 296H24c-13.3 0-24-10.7-24-24v-32c0-13.3 10.7-24 24-24h287.4L190.9 101.2c-9.8-9.3-10-24.8-.4-34.3z\"><\/path><\/svg>\t\t\t<\/span>\n\t\t\t\t\t\t\t\t\t<span class=\"elementor-button-text\">Solicitar productos<\/span>\n\t\t\t\t\t<\/span>\n\t\t\t\t\t<\/a>\n\t\t\t\t\t\t\t\t<\/div>\n\t\t\t\t\t<\/div>\n\t\t\t\t<\/main>\n\t\t<div class=\"elementor-element elementor-element-5598f86 e-con-full animated-slow e-flex elementor-invisible e-con e-parent\" data-id=\"5598f86\" data-element_type=\"container\" data-settings=\"{&quot;background_background&quot;:&quot;classic&quot;,&quot;animation&quot;:&quot;fadeInUp&quot;,&quot;_ha_eqh_enable&quot;:false}\">\n\t\t<div class=\"elementor-element elementor-element-f92c8ae e-con-full e-flex elementor-invisible e-con e-child\" data-id=\"f92c8ae\" data-element_type=\"container\" data-settings=\"{&quot;background_background&quot;:&quot;classic&quot;,&quot;animation&quot;:&quot;fadeInLeft&quot;,&quot;_ha_eqh_enable&quot;:false}\">\n\t\t\t\t<\/div>\n\t\t<div class=\"elementor-element elementor-element-69433f3 e-con-full e-flex elementor-invisible e-con e-child\" data-id=\"69433f3\" data-element_type=\"container\" data-settings=\"{&quot;animation&quot;:&quot;fadeInRight&quot;,&quot;_ha_eqh_enable&quot;:false}\">\n\t\t\t\t<div class=\"elementor-element elementor-element-336d6ab elementor-widget elementor-widget-heading\" data-id=\"336d6ab\" data-element_type=\"widget\" data-widget_type=\"heading.default\">\n\t\t\t\t\t<h2 class=\"elementor-heading-title elementor-size-default\">Nuestro modelo de \u00e9xito<\/h2>\t\t\t\t<\/div>\n\t\t\t\t<div class=\"elementor-element elementor-element-5738903 elementor-widget elementor-widget-text-editor\" data-id=\"5738903\" data-element_type=\"widget\" data-widget_type=\"text-editor.default\">\n\t\t\t\t\t\t\t\t\t<p class=\"p1\">El probado sistema roll-on con <span class=\"s1\"><b>bola completa de PP<\/b><\/span> de 25,40 mm y accesorio de <span class=\"s1\"><b>LDPE con junta interior<\/b><\/span> garantiza la m\u00e1xima estanqueidad y una aplicaci\u00f3n uniforme del producto.<\/p><p class=\"p1\">Perfecto para desodorantes, productos para el cuidado corporal y aplicaciones cosm\u00e9ticas, con tap\u00f3n a juego en muchos colores que se pueden combinar individualmente.<\/p>\t\t\t\t\t\t\t\t<\/div>\n\t\t\t\t<\/div>\n\t\t\t\t<\/div>\n\t\t<div class=\"elementor-element elementor-element-e4ca251 e-con-full e-flex elementor-invisible e-con e-parent\" data-id=\"e4ca251\" data-element_type=\"container\" data-settings=\"{&quot;background_background&quot;:&quot;classic&quot;,&quot;animation&quot;:&quot;fadeInUp&quot;,&quot;_ha_eqh_enable&quot;:false}\">\n\t\t<div class=\"elementor-element elementor-element-5eb0622 e-con-full e-flex elementor-invisible e-con e-child\" data-id=\"5eb0622\" data-element_type=\"container\" data-settings=\"{&quot;background_background&quot;:&quot;classic&quot;,&quot;animation&quot;:&quot;fadeInRight&quot;,&quot;_ha_eqh_enable&quot;:false}\">\n\t\t\t\t<\/div>\n\t\t<div class=\"elementor-element elementor-element-6dcf864 e-con-full e-flex elementor-invisible e-con e-child\" data-id=\"6dcf864\" data-element_type=\"container\" data-settings=\"{&quot;animation&quot;:&quot;fadeInLeft&quot;,&quot;_ha_eqh_enable&quot;:false}\">\n\t\t\t\t<div class=\"elementor-element elementor-element-ca4680c elementor-widget elementor-widget-heading\" data-id=\"ca4680c\" data-element_type=\"widget\" data-widget_type=\"heading.default\">\n\t\t\t\t\t<h2 class=\"elementor-heading-title elementor-size-default\">Modelos especiales<\/h2>\t\t\t\t<\/div>\n\t\t\t\t<div class=\"elementor-element elementor-element-a72bd88 elementor-widget elementor-widget-text-editor\" data-id=\"a72bd88\" data-element_type=\"widget\" data-widget_type=\"text-editor.default\">\n\t\t\t\t\t\t\t\t\t<p class=\"p1\">Nuestros<span class=\"s1\"> sistemas roll-on<\/span> tambi\u00e9n pueden equiparse con<span class=\"s1\"><b> bolas de cristal, bolas de piedras preciosas, bolas de acero inoxidable o bolas de cer\u00e1mica<\/b><\/span>, para aportar un toque especial tanto visual como funcional.<\/p><p class=\"p1\">Ideal para cosm\u00e9ticos premium, productos de bienestar y cuidado personal que buscan destacar en el mercado con materiales exclusivos y un dise\u00f1o de alta calidad.<\/p>\t\t\t\t\t\t\t\t<\/div>\n\t\t\t\t<\/div>\n\t\t\t\t<\/div>\n\t\t<div class=\"elementor-element elementor-element-c544949 e-flex e-con-boxed e-con e-parent\" data-id=\"c544949\" data-element_type=\"container\" data-settings=\"{&quot;background_background&quot;:&quot;classic&quot;,&quot;_ha_eqh_enable&quot;:false}\">\n\t\t\t\t\t<div class=\"e-con-inner\">\n\t\t\t\t<div class=\"elementor-element elementor-element-6c999af elementor-widget elementor-widget-heading\" data-id=\"6c999af\" data-element_type=\"widget\" data-widget_type=\"heading.default\">\n\t\t\t\t\t<h2 class=\"elementor-heading-title elementor-size-default\">Amplia selecci\u00f3n de productos est\u00e1ndar o art\u00edculos especiales personalizados<\/h2>\t\t\t\t<\/div>\n\t\t\t\t<div class=\"elementor-element elementor-element-23bf0ee elementor-widget elementor-widget-button\" data-id=\"23bf0ee\" data-element_type=\"widget\" data-widget_type=\"button.default\">\n\t\t\t\t\t\t\t\t\t\t<a class=\"elementor-button elementor-button-link elementor-size-sm elementor-animation-grow\" href=\"#elementor-action%3Aaction%3Dpopup%3Aopen%26settings%3DeyJpZCI6MjkwNiwidG9nZ2xlIjpmYWxzZX0%3D\">\n\t\t\t\t\t\t<span class=\"elementor-button-content-wrapper\">\n\t\t\t\t\t\t<span class=\"elementor-button-icon\">\n\t\t\t\t<svg aria-hidden=\"true\" class=\"e-font-icon-svg e-fas-arrow-right\" viewBox=\"0 0 448 512\" xmlns=\"http:\/\/www.w3.org\/2000\/svg\"><path d=\"M190.5 66.9l22.2-22.2c9.4-9.4 24.6-9.4 33.9 0L441 239c9.4 9.4 9.4 24.6 0 33.9L246.6 467.3c-9.4 9.4-24.6 9.4-33.9 0l-22.2-22.2c-9.5-9.5-9.3-25 .4-34.3L311.4 296H24c-13.3 0-24-10.7-24-24v-32c0-13.3 10.7-24 24-24h287.4L190.9 101.2c-9.8-9.3-10-24.8-.4-34.3z\"><\/path><\/svg>\t\t\t<\/span>\n\t\t\t\t\t\t\t\t\t<span class=\"elementor-button-text\">Consulta sobre el producto<\/span>\n\t\t\t\t\t<\/span>\n\t\t\t\t\t<\/a>\n\t\t\t\t\t\t\t\t<\/div>\n\t\t\t\t\t<\/div>\n\t\t\t\t<\/div>\n\t\t<div class=\"elementor-element elementor-element-d7d6074 e-con-full e-flex e-con e-parent\" data-id=\"d7d6074\" data-element_type=\"container\" data-settings=\"{&quot;background_background&quot;:&quot;classic&quot;,&quot;_ha_eqh_enable&quot;:false}\">\n\t\t\t\t<div class=\"elementor-element elementor-element-5ec2df4 elementor-widget-mobile__width-inherit ha-has-bg-overlay elementor-widget elementor-widget-image\" data-id=\"5ec2df4\" data-element_type=\"widget\" data-widget_type=\"image.default\">\n\t\t\t\t\t\t\t\t\t\t\t\t\t\t\t<img fetchpriority=\"high\" decoding=\"async\" width=\"2560\" height=\"1275\" src=\"https:\/\/lorenzg.com\/wp-content\/uploads\/2025\/09\/Lorenz23_Messe-5001-lge-scaled.jpg\" class=\"attachment-full size-full wp-image-1360\" alt=\"\" srcset=\"https:\/\/lorenzg.com\/wp-content\/uploads\/2025\/09\/Lorenz23_Messe-5001-lge-scaled.jpg 2560w, https:\/\/lorenzg.com\/wp-content\/uploads\/2025\/09\/Lorenz23_Messe-5001-lge-300x149.jpg 300w, https:\/\/lorenzg.com\/wp-content\/uploads\/2025\/09\/Lorenz23_Messe-5001-lge-1024x510.jpg 1024w, https:\/\/lorenzg.com\/wp-content\/uploads\/2025\/09\/Lorenz23_Messe-5001-lge-768x383.jpg 768w, https:\/\/lorenzg.com\/wp-content\/uploads\/2025\/09\/Lorenz23_Messe-5001-lge-1536x765.jpg 1536w, https:\/\/lorenzg.com\/wp-content\/uploads\/2025\/09\/Lorenz23_Messe-5001-lge-2048x1020.jpg 2048w\" sizes=\"(max-width: 2560px) 100vw, 2560px\" \/>\t\t\t\t\t\t\t\t\t\t\t\t\t\t\t<\/div>\n\t\t\t\t<\/div>\n\t\t\t\t<\/div>\n\t\t","protected":false},"excerpt":{"rendered":"<p>Roll-on Los roll-ons de Lorenz G. son especialmente precisos en la interacci\u00f3n entre la bola de precisi\u00f3n y el accesorio correspondiente. Ambos juntos garantizan una dispensaci\u00f3n uniforme del contenido desde el primer uso hasta la \u00faltima gota. Esto es econ\u00f3mico y respetuoso con el medio ambiente. Por eso, muchos de los fabricantes, envasadores y fabricantes [&hellip;]<\/p>\n","protected":false},"author":1,"featured_media":0,"parent":0,"menu_order":0,"comment_status":"closed","ping_status":"closed","template":"","meta":{"inline_featured_image":false,"footnotes":""},"class_list":["post-2898","page","type-page","status-publish","hentry"],"_links":{"self":[{"href":"https:\/\/lorenzg.com\/es\/wp-json\/wp\/v2\/pages\/2898","targetHints":{"allow":["GET"]}}],"collection":[{"href":"https:\/\/lorenzg.com\/es\/wp-json\/wp\/v2\/pages"}],"about":[{"href":"https:\/\/lorenzg.com\/es\/wp-json\/wp\/v2\/types\/page"}],"author":[{"embeddable":true,"href":"https:\/\/lorenzg.com\/es\/wp-json\/wp\/v2\/users\/1"}],"replies":[{"embeddable":true,"href":"https:\/\/lorenzg.com\/es\/wp-json\/wp\/v2\/comments?post=2898"}],"version-history":[{"count":4,"href":"https:\/\/lorenzg.com\/es\/wp-json\/wp\/v2\/pages\/2898\/revisions"}],"predecessor-version":[{"id":2941,"href":"https:\/\/lorenzg.com\/es\/wp-json\/wp\/v2\/pages\/2898\/revisions\/2941"}],"wp:attachment":[{"href":"https:\/\/lorenzg.com\/es\/wp-json\/wp\/v2\/media?parent=2898"}],"curies":[{"name":"wp","href":"https:\/\/api.w.org\/{rel}","templated":true}]}}