{"id":2095,"date":"2025-07-28T12:53:01","date_gmt":"2025-07-28T12:53:01","guid":{"rendered":"https:\/\/lorenzg.com\/aviso-legal\/"},"modified":"2025-09-12T13:55:21","modified_gmt":"2025-09-12T13:55:21","slug":"aviso-legal","status":"publish","type":"page","link":"https:\/\/lorenzg.com\/es\/aviso-legal\/","title":{"rendered":"Aviso legal"},"content":{"rendered":"\t\t<div data-elementor-type=\"wp-page\" data-elementor-id=\"2095\" class=\"elementor elementor-2095 elementor-50\" data-elementor-settings=\"{&quot;ha_cmc_init_switcher&quot;:&quot;no&quot;}\" data-elementor-post-type=\"page\">\n\t\t\t\t<div class=\"elementor-element elementor-element-f9c13a1 e-flex e-con-boxed e-con e-parent\" data-id=\"f9c13a1\" data-element_type=\"container\" data-settings=\"{&quot;_ha_eqh_enable&quot;:false}\">\n\t\t\t\t\t<div class=\"e-con-inner\">\n\t\t\t\t<div class=\"elementor-element elementor-element-886f430 elementor-widget elementor-widget-heading\" data-id=\"886f430\" data-element_type=\"widget\" data-widget_type=\"heading.default\">\n\t\t\t\t\t<h2 class=\"elementor-heading-title elementor-size-default\">Aviso legal<\/h2>\t\t\t\t<\/div>\n\t\t\t\t<div class=\"elementor-element elementor-element-60e817b elementor-widget elementor-widget-text-editor\" data-id=\"60e817b\" data-element_type=\"widget\" data-widget_type=\"text-editor.default\">\n\t\t\t\t\t\t\t\t\t<div id=\"headline\"><p>De conformidad con el art\u00edculo 28 de la Ley federal alemana sobre protecci\u00f3n de datos (BDSG), me opongo a cualquier uso comercial y divulgaci\u00f3n de mis datos.<\/p><\/div><div id=\"scrollebene\"><h4 style=\"font-weight: 400;\"><strong>Editor y responsable:<\/strong><\/h4><p style=\"font-weight: 400;\">Lorenz G., producci\u00f3n y distribuci\u00f3n de productos pl\u00e1sticos.<\/p><p style=\"font-weight: 400;\">Propietario: Sascha Pickelmann<br>Sudetenstr. 76,<br>82538 Geretsried  <\/p><p style=\"font-weight: 400;\">VAT: DE361649984<br>EORI: DE730007168931384<br>DUNS: 315562816<br>LUCID: DE4581651061986<\/p><p style=\"font-weight: 400;\">Inhaltlich Verantwortlicher gem\u00e4\u00df \u00a7 18 Abs. 2 MstV.:Inhaltlich Verantwortlicher gem\u00e4\u00df \u00a7 18 Abs. 2 MstV.: <\/p><p style=\"font-weight: 400;\">Sascha Pickelmann (propietario)<br>Sudetenstr. 76,<br>82538 Geretsried<br>Tel\u00e9fono: +49 8171 34 00 06<br>Fax: +49 8179 92 50 44<br>Correo electr\u00f3nico: <a href=\"mailto:info@lorenzg.de\">sales(at)lorenzg.de<\/a> <\/p><div id=\"seiteninhaltScroll\"><h4>Objetivo de este proyecto web:<\/h4><p>Distribuci\u00f3n de productos pl\u00e1sticos<\/p><h4>Concepci\u00f3n, fotograf\u00eda y dise\u00f1o web:<\/h4><p>Vision+ Konzept | kpr kommunikation<\/p><\/div><div>Steghiaslweg 8<\/div><div>82515 Wolfratshausen<\/div><div>T: 08171 \/ 3849761<\/div><div>M: <a href=\"mailto:info@kpr-kom.de\">info@kpr-kom.de<\/a><\/div><div><p>W: <a href=\"https:\/\/kpr-kom.de\" target=\"_blank\" rel=\"noopener noreferrer nofollow\">https:\/\/vision-konzept.de<\/a><\/p><p>Protecci\u00f3n y uso de los derechos de autor:<\/p><p>El autor le concede el derecho especial de realizar una copia privada para su uso personal. Por otro lado, no est\u00e1 autorizado a modificar y\/o distribuir los materiales, ni mucho menos a publicarlos por su cuenta. <\/p><p>Salvo que se indique expresamente lo contrario, los derechos de autor de los textos pertenecen a: Vision+ Konzept.<br>La mayor\u00eda de las ilustraciones est\u00e1n sujetas a los derechos de autor de Vision+ Konzept :: Udo Kl\u00fcnsch.<\/p><h4>Exenci\u00f3n de responsabilidad:<\/h4><p>El contenido de este proyecto web ha sido cuidadosamente revisado y recopilado seg\u00fan nuestro leal saber y entender. Sin embargo, no se garantiza la integridad, actualidad, calidad y exactitud de la informaci\u00f3n aqu\u00ed presentada. No se asume ninguna responsabilidad por los da\u00f1os que puedan derivarse de la confianza en el contenido de este sitio web o de su uso.<br>A pesar del cuidadoso control del contenido, no asumimos ninguna responsabilidad por los contenidos de los enlaces externos. Los operadores de las p\u00e1ginas enlazadas son los \u00fanicos responsables de su contenido.   <\/p><h4>Violaci\u00f3n de los derechos de propiedad:<\/h4><p>Si sospecha que este sitio web ha infringido alguno de sus derechos de propiedad intelectual, le rogamos que nos lo comunique inmediatamente por correo electr\u00f3nico para que podamos resolver la situaci\u00f3n lo antes posible.<\/p><h4>Tenga en cuenta lo siguiente:<\/h4><p>La intervenci\u00f3n de un abogado para enviar una advertencia al proveedor de servicios, que requiere mucho tiempo y conlleva gastos, no se corresponde con la voluntad real o presunta del proveedor de servicios.<\/p><\/div><\/div>\t\t\t\t\t\t\t\t<\/div>\n\t\t\t\t\t<\/div>\n\t\t\t\t<\/div>\n\t\t\t\t<\/div>\n\t\t","protected":false},"excerpt":{"rendered":"<p>Aviso legal De conformidad con el art\u00edculo 28 de la Ley federal alemana sobre protecci\u00f3n de datos (BDSG), me opongo a cualquier uso comercial y divulgaci\u00f3n de mis datos. Editor y responsable: Lorenz G., producci\u00f3n y distribuci\u00f3n de productos pl\u00e1sticos. Propietario: Sascha PickelmannSudetenstr. 76,82538 Geretsried VAT: DE361649984EORI: DE730007168931384DUNS: 315562816LUCID: DE4581651061986 Inhaltlich Verantwortlicher gem\u00e4\u00df \u00a7 18 [&hellip;]<\/p>\n","protected":false},"author":1,"featured_media":0,"parent":0,"menu_order":0,"comment_status":"closed","ping_status":"closed","template":"","meta":{"inline_featured_image":false,"footnotes":""},"class_list":["post-2095","page","type-page","status-publish","hentry"],"_links":{"self":[{"href":"https:\/\/lorenzg.com\/es\/wp-json\/wp\/v2\/pages\/2095","targetHints":{"allow":["GET"]}}],"collection":[{"href":"https:\/\/lorenzg.com\/es\/wp-json\/wp\/v2\/pages"}],"about":[{"href":"https:\/\/lorenzg.com\/es\/wp-json\/wp\/v2\/types\/page"}],"author":[{"embeddable":true,"href":"https:\/\/lorenzg.com\/es\/wp-json\/wp\/v2\/users\/1"}],"replies":[{"embeddable":true,"href":"https:\/\/lorenzg.com\/es\/wp-json\/wp\/v2\/comments?post=2095"}],"version-history":[{"count":1,"href":"https:\/\/lorenzg.com\/es\/wp-json\/wp\/v2\/pages\/2095\/revisions"}],"predecessor-version":[{"id":2096,"href":"https:\/\/lorenzg.com\/es\/wp-json\/wp\/v2\/pages\/2095\/revisions\/2096"}],"wp:attachment":[{"href":"https:\/\/lorenzg.com\/es\/wp-json\/wp\/v2\/media?parent=2095"}],"curies":[{"name":"wp","href":"https:\/\/api.w.org\/{rel}","templated":true}]}}