{"id":2044,"date":"2025-07-28T15:10:50","date_gmt":"2025-07-28T15:10:50","guid":{"rendered":"https:\/\/lorenzg.com\/sostenibilidad\/"},"modified":"2025-10-17T12:46:12","modified_gmt":"2025-10-17T12:46:12","slug":"sostenibilidad","status":"publish","type":"page","link":"https:\/\/lorenzg.com\/es\/sostenibilidad\/","title":{"rendered":"Sostenibilidad"},"content":{"rendered":"\t\t<div data-elementor-type=\"wp-page\" data-elementor-id=\"2044\" class=\"elementor elementor-2044 elementor-194\" data-elementor-settings=\"{&quot;ha_cmc_init_switcher&quot;:&quot;no&quot;}\" data-elementor-post-type=\"page\">\n\t\t\t\t<div class=\"elementor-element elementor-element-626f271 e-flex e-con-boxed e-con e-parent\" data-id=\"626f271\" data-element_type=\"container\" data-settings=\"{&quot;background_background&quot;:&quot;classic&quot;,&quot;_ha_eqh_enable&quot;:false}\">\n\t\t\t\t\t<div class=\"e-con-inner\">\n\t\t\t\t<div class=\"elementor-element elementor-element-a990f2b elementor-widget elementor-widget-heading\" data-id=\"a990f2b\" data-element_type=\"widget\" data-widget_type=\"heading.default\">\n\t\t\t\t\t<h1 class=\"elementor-heading-title elementor-size-default\">Sostenible y con garant\u00eda de futuro.<\/h1>\t\t\t\t<\/div>\n\t\t\t\t<div class=\"elementor-element elementor-element-2a42c4a elementor-widget__width-initial elementor-widget-mobile__width-inherit ha-has-bg-overlay elementor-widget elementor-widget-text-editor\" data-id=\"2a42c4a\" data-element_type=\"widget\" data-widget_type=\"text-editor.default\">\n\t\t\t\t\t\t\t\t\t<p>En los componentes fabricados con nuestra opci\u00f3n PCR-PP, la huella de carbono se reduce hasta en un 28 %. <br>La materia prima utilizada en este proceso est\u00e1 compuesta en un 40 % por material reciclado postconsumo apto para uso alimentario y sigue siendo totalmente reciclable en el ciclo del PP.<\/p><p>Las propiedades del material permanecen pr\u00e1cticamente id\u00e9nticas: mec\u00e1nicamente robusto, qu\u00edmicamente resistente, \u00f3pticamente limpio.<\/p><p>Nuestros componentes PCR han sido probados en serie, sometidos a pruebas de migraci\u00f3n y pueden utilizarse sin problemas en numerosas aplicaciones, incluso en mercados exigentes como el de los cosm\u00e9ticos o el cuidado personal.<\/p>\t\t\t\t\t\t\t\t<\/div>\n\t\t\t\t\t<\/div>\n\t\t\t\t<\/div>\n\t\t<div class=\"elementor-element elementor-element-2700dc6 e-flex e-con-boxed e-con e-parent\" data-id=\"2700dc6\" data-element_type=\"container\" data-settings=\"{&quot;background_background&quot;:&quot;classic&quot;,&quot;_ha_eqh_enable&quot;:false}\">\n\t\t\t\t\t<div class=\"e-con-inner\">\n\t\t\t\t<div class=\"elementor-element elementor-element-621e6af elementor-widget elementor-widget-heading\" data-id=\"621e6af\" data-element_type=\"widget\" data-widget_type=\"heading.default\">\n\t\t\t\t\t<h1 class=\"elementor-heading-title elementor-size-default\">Sostenibilidad en Lorenz G.<\/h1>\t\t\t\t<\/div>\n\t\t\t\t<div class=\"elementor-element elementor-element-60dd938 elementor-widget elementor-widget-text-editor\" data-id=\"60dd938\" data-element_type=\"widget\" data-widget_type=\"text-editor.default\">\n\t\t\t\t\t\t\t\t\t<p>Quien quiera cumplir en el futuro, debe asumir hoy mismo su responsabilidad. Lorenz G. apoya sus objetivos de sostenibilidad con soluciones viables, transparentes, eficientes y listas para su uso inmediato. <\/p>\t\t\t\t\t\t\t\t<\/div>\n\t\t\t\t<div class=\"elementor-element elementor-element-26e3da9 elementor-mobile-align-justify elementor-widget elementor-widget-button\" data-id=\"26e3da9\" data-element_type=\"widget\" data-widget_type=\"button.default\">\n\t\t\t\t\t\t\t\t\t\t<a class=\"elementor-button elementor-button-link elementor-size-sm\" href=\"#project\">\n\t\t\t\t\t\t<span class=\"elementor-button-content-wrapper\">\n\t\t\t\t\t\t\t\t\t<span class=\"elementor-button-text\">Iniciar proyecto: sostenibilidad con Lorenz G.<\/span>\n\t\t\t\t\t<\/span>\n\t\t\t\t\t<\/a>\n\t\t\t\t\t\t\t\t<\/div>\n\t\t\t\t\t<\/div>\n\t\t\t\t<\/div>\n\t\t<div class=\"elementor-element elementor-element-8a371be e-flex e-con-boxed elementor-invisible e-con e-parent\" data-id=\"8a371be\" data-element_type=\"container\" id=\"project\" data-settings=\"{&quot;background_background&quot;:&quot;classic&quot;,&quot;animation&quot;:&quot;fadeInUp&quot;,&quot;_ha_eqh_enable&quot;:false}\">\n\t\t\t\t\t<div class=\"e-con-inner\">\n\t\t<div class=\"elementor-element elementor-element-bb2e433 e-con-full e-flex e-con e-child\" data-id=\"bb2e433\" data-element_type=\"container\" data-settings=\"{&quot;_ha_eqh_enable&quot;:false}\">\n\t\t\t\t<div class=\"elementor-element elementor-element-6fb7e94 elementor-widget__width-inherit elementor-widget elementor-widget-image\" data-id=\"6fb7e94\" data-element_type=\"widget\" data-widget_type=\"image.default\">\n\t\t\t\t\t\t\t\t\t\t\t\t\t\t\t<img fetchpriority=\"high\" decoding=\"async\" width=\"704\" height=\"619\" src=\"https:\/\/lorenzg.com\/wp-content\/uploads\/2025\/07\/Nachhaltigkeit-1-Blk.svg\" class=\"attachment-full size-full wp-image-401\" alt=\"\" \/>\t\t\t\t\t\t\t\t\t\t\t\t\t\t\t<\/div>\n\t\t\t\t<\/div>\n\t\t<div class=\"elementor-element elementor-element-36f9a2a e-con-full e-flex e-con e-child\" data-id=\"36f9a2a\" data-element_type=\"container\" data-settings=\"{&quot;_ha_eqh_enable&quot;:false}\">\n\t\t\t\t<div class=\"elementor-element elementor-element-35edb4e elementor-widget elementor-widget-heading\" data-id=\"35edb4e\" data-element_type=\"widget\" data-widget_type=\"heading.default\">\n\t\t\t\t\t<h2 class=\"elementor-heading-title elementor-size-default\">Su proyecto. Nuestra contribuci\u00f3n al medio ambiente. <\/h2>\t\t\t\t<\/div>\n\t\t\t\t<div class=\"elementor-element elementor-element-d4368bf elementor-widget elementor-widget-text-editor\" data-id=\"d4368bf\" data-element_type=\"widget\" data-widget_type=\"text-editor.default\">\n\t\t\t\t\t\t\t\t\t<div class=\"lg:flex gap-8\"><div class=\"w-full lg:w-1\/2\"><p>Muchas empresas industriales deben reevaluar sus cadenas de suministro: la sostenibilidad se ha convertido en un factor clave en la estrategia de compras. Lorenz G. est\u00e1 preparado para ello. Le ayudamos a seleccionar bolas, roll-ons y accesorios seg\u00fan criterios ecol\u00f3gicos y normativos, sin comprometer la funcionalidad ni los plazos.  <\/p><\/div><\/div>\t\t\t\t\t\t\t\t<\/div>\n\t\t\t\t<\/div>\n\t\t\t\t\t<\/div>\n\t\t\t\t<\/div>\n\t\t<div class=\"elementor-element elementor-element-f00d2e5 e-flex e-con-boxed elementor-invisible e-con e-parent\" data-id=\"f00d2e5\" data-element_type=\"container\" data-settings=\"{&quot;background_background&quot;:&quot;classic&quot;,&quot;animation&quot;:&quot;fadeInUp&quot;,&quot;_ha_eqh_enable&quot;:false}\">\n\t\t\t\t\t<div class=\"e-con-inner\">\n\t\t<div class=\"elementor-element elementor-element-6725ca2 e-con-full e-flex e-con e-child\" data-id=\"6725ca2\" data-element_type=\"container\" data-settings=\"{&quot;_ha_eqh_enable&quot;:false}\">\n\t\t\t\t<div class=\"elementor-element elementor-element-d353577 elementor-widget elementor-widget-image\" data-id=\"d353577\" data-element_type=\"widget\" data-widget_type=\"image.default\">\n\t\t\t\t\t\t\t\t\t\t\t\t\t\t\t<img decoding=\"async\" width=\"800\" height=\"976\" src=\"https:\/\/lorenzg.com\/wp-content\/uploads\/2025\/07\/Nachhaltigkeit-2-Blk.svg\" class=\"attachment-large size-large wp-image-396\" alt=\"\" \/>\t\t\t\t\t\t\t\t\t\t\t\t\t\t\t<\/div>\n\t\t\t\t<\/div>\n\t\t<div class=\"elementor-element elementor-element-d9825c9 e-con-full e-flex e-con e-child\" data-id=\"d9825c9\" data-element_type=\"container\" data-settings=\"{&quot;_ha_eqh_enable&quot;:false}\">\n\t\t\t\t<div class=\"elementor-element elementor-element-26a8eb0 elementor-widget elementor-widget-heading\" data-id=\"26a8eb0\" data-element_type=\"widget\" data-widget_type=\"heading.default\">\n\t\t\t\t\t<h2 class=\"elementor-heading-title elementor-size-default\">Factible, comprensible, certificable\n\n<\/h2>\t\t\t\t<\/div>\n\t\t\t\t<div class=\"elementor-element elementor-element-bfcf586 elementor-widget elementor-widget-text-editor\" data-id=\"bfcf586\" data-element_type=\"widget\" data-widget_type=\"text-editor.default\">\n\t\t\t\t\t\t\t\t\t<div class=\"lg:flex gap-8\"><div class=\"w-full lg:w-1\/2\"><p>Muchas empresas industriales deben reevaluar sus cadenas de suministro: la sostenibilidad se ha convertido en un factor clave en la estrategia de compras. Lorenz G. est\u00e1 preparado para ello. Le ayudamos a seleccionar bolas, roll-ons y accesorios seg\u00fan criterios ecol\u00f3gicos y normativos, sin comprometer la funcionalidad ni los plazos.  <\/p><\/div><\/div>\t\t\t\t\t\t\t\t<\/div>\n\t\t\t\t<\/div>\n\t\t\t\t\t<\/div>\n\t\t\t\t<\/div>\n\t\t<div class=\"elementor-element elementor-element-ad68885 e-flex e-con-boxed e-con e-parent\" data-id=\"ad68885\" data-element_type=\"container\" data-settings=\"{&quot;background_background&quot;:&quot;classic&quot;,&quot;_ha_eqh_enable&quot;:false}\">\n\t\t\t\t\t<div class=\"e-con-inner\">\n\t\t\t\t\t<\/div>\n\t\t\t\t<\/div>\n\t\t<div class=\"elementor-element elementor-element-1e0aee6 e-flex e-con-boxed elementor-invisible e-con e-parent\" data-id=\"1e0aee6\" data-element_type=\"container\" data-settings=\"{&quot;background_background&quot;:&quot;classic&quot;,&quot;animation&quot;:&quot;fadeInUp&quot;,&quot;_ha_eqh_enable&quot;:false}\">\n\t\t\t\t\t<div class=\"e-con-inner\">\n\t\t<div class=\"elementor-element elementor-element-51fe444 e-con-full e-flex e-con e-child\" data-id=\"51fe444\" data-element_type=\"container\" data-settings=\"{&quot;_ha_eqh_enable&quot;:false}\">\n\t\t\t\t<div class=\"elementor-element elementor-element-d725b3d elementor-widget elementor-widget-image\" data-id=\"d725b3d\" data-element_type=\"widget\" data-widget_type=\"image.default\">\n\t\t\t\t\t\t\t\t\t\t\t\t\t\t\t<img decoding=\"async\" width=\"800\" height=\"559\" src=\"https:\/\/lorenzg.com\/wp-content\/uploads\/2025\/07\/Nachhaltigkeit-5-Blk.svg\" class=\"attachment-large size-large wp-image-381\" alt=\"\" \/>\t\t\t\t\t\t\t\t\t\t\t\t\t\t\t<\/div>\n\t\t\t\t<\/div>\n\t\t<div class=\"elementor-element elementor-element-72690e9 e-con-full e-flex e-con e-child\" data-id=\"72690e9\" data-element_type=\"container\" data-settings=\"{&quot;_ha_eqh_enable&quot;:false}\">\n\t\t\t\t<div class=\"elementor-element elementor-element-9075778 elementor-widget elementor-widget-heading\" data-id=\"9075778\" data-element_type=\"widget\" data-widget_type=\"heading.default\">\n\t\t\t\t\t<h2 class=\"elementor-heading-title elementor-size-default\">Materiales reciclados y biomateriales: disponibles de inmediato<\/h2>\t\t\t\t<\/div>\n\t\t\t\t<div class=\"elementor-element elementor-element-4e1d8fb elementor-widget elementor-widget-text-editor\" data-id=\"4e1d8fb\" data-element_type=\"widget\" data-widget_type=\"text-editor.default\">\n\t\t\t\t\t\t\t\t\t<div class=\"lg:flex gap-8\"><div class=\"w-full lg:w-1\/2\"><p>Hoy en d\u00eda ya podemos suministrar muchos componentes fabricados con PCR-PP (material reciclado postconsumo) o pl\u00e1sticos de origen biol\u00f3gico, por ejemplo, para aplicaciones cosm\u00e9ticas, alimentarias o no alimentarias. Estaremos encantados de realizar lotes piloto o series comparativas para que pueda tomar decisiones fundamentadas sobre su gama de productos. <\/p><\/div><\/div>\t\t\t\t\t\t\t\t<\/div>\n\t\t\t\t<\/div>\n\t\t\t\t\t<\/div>\n\t\t\t\t<\/div>\n\t\t<div class=\"elementor-element elementor-element-0b54c3f e-flex e-con-boxed elementor-invisible e-con e-parent\" data-id=\"0b54c3f\" data-element_type=\"container\" data-settings=\"{&quot;background_background&quot;:&quot;classic&quot;,&quot;animation&quot;:&quot;fadeInUp&quot;,&quot;_ha_eqh_enable&quot;:false}\">\n\t\t\t\t\t<div class=\"e-con-inner\">\n\t\t<div class=\"elementor-element elementor-element-b5a77c5 e-con-full e-flex e-con e-child\" data-id=\"b5a77c5\" data-element_type=\"container\" data-settings=\"{&quot;_ha_eqh_enable&quot;:false}\">\n\t\t\t\t<div class=\"elementor-element elementor-element-12521df elementor-widget elementor-widget-image\" data-id=\"12521df\" data-element_type=\"widget\" data-widget_type=\"image.default\">\n\t\t\t\t\t\t\t\t\t\t\t\t\t\t\t<img loading=\"lazy\" decoding=\"async\" width=\"800\" height=\"848\" src=\"https:\/\/lorenzg.com\/wp-content\/uploads\/2025\/07\/Nachhaltigkeit-3-Blk.svg\" class=\"attachment-large size-large wp-image-391\" alt=\"\" \/>\t\t\t\t\t\t\t\t\t\t\t\t\t\t\t<\/div>\n\t\t\t\t<\/div>\n\t\t<div class=\"elementor-element elementor-element-b7c2633 e-con-full e-flex e-con e-child\" data-id=\"b7c2633\" data-element_type=\"container\" data-settings=\"{&quot;_ha_eqh_enable&quot;:false}\">\n\t\t\t\t<div class=\"elementor-element elementor-element-5f7cd4c elementor-widget elementor-widget-heading\" data-id=\"5f7cd4c\" data-element_type=\"widget\" data-widget_type=\"heading.default\">\n\t\t\t\t\t<h2 class=\"elementor-heading-title elementor-size-default\">Fabricaci\u00f3n eficiente = menor consumo de recursos<\/h2>\t\t\t\t<\/div>\n\t\t\t\t<div class=\"elementor-element elementor-element-2def995 elementor-widget elementor-widget-text-editor\" data-id=\"2def995\" data-element_type=\"widget\" data-widget_type=\"text-editor.default\">\n\t\t\t\t\t\t\t\t\t<div class=\"lg:flex gap-8\"><div class=\"w-full lg:w-1\/2\"><p>Nuestra producci\u00f3n est\u00e1 optimizada para tiempos de preparaci\u00f3n cortos, m\u00ednimos desechos y alta repetibilidad. Gracias al abastecimiento local, las distancias cortas y las herramientas modernas, minimizamos el consumo de energ\u00eda y materiales, sin comprometer la precisi\u00f3n. <\/p><\/div><\/div>\t\t\t\t\t\t\t\t<\/div>\n\t\t\t\t<\/div>\n\t\t\t\t\t<\/div>\n\t\t\t\t<\/div>\n\t\t<div class=\"elementor-element elementor-element-d702e35 e-flex e-con-boxed e-con e-parent\" data-id=\"d702e35\" data-element_type=\"container\" data-settings=\"{&quot;background_background&quot;:&quot;classic&quot;,&quot;_ha_eqh_enable&quot;:false}\">\n\t\t\t\t\t<div class=\"e-con-inner\">\n\t\t\t\t\t<\/div>\n\t\t\t\t<\/div>\n\t\t<div class=\"elementor-element elementor-element-6f4bb4e e-flex e-con-boxed elementor-invisible e-con e-parent\" data-id=\"6f4bb4e\" data-element_type=\"container\" data-settings=\"{&quot;background_background&quot;:&quot;classic&quot;,&quot;animation&quot;:&quot;fadeInUp&quot;,&quot;_ha_eqh_enable&quot;:false}\">\n\t\t\t\t\t<div class=\"e-con-inner\">\n\t\t<div class=\"elementor-element elementor-element-42ccca6 e-con-full e-flex e-con e-child\" data-id=\"42ccca6\" data-element_type=\"container\" data-settings=\"{&quot;_ha_eqh_enable&quot;:false}\">\n\t\t\t\t<div class=\"elementor-element elementor-element-4d65b12 elementor-widget elementor-widget-image\" data-id=\"4d65b12\" data-element_type=\"widget\" data-widget_type=\"image.default\">\n\t\t\t\t\t\t\t\t\t\t\t\t\t\t\t<img loading=\"lazy\" decoding=\"async\" width=\"800\" height=\"808\" src=\"https:\/\/lorenzg.com\/wp-content\/uploads\/2025\/07\/Nachhaltigkeit-4-Blk.svg\" class=\"attachment-large size-large wp-image-386\" alt=\"\" \/>\t\t\t\t\t\t\t\t\t\t\t\t\t\t\t<\/div>\n\t\t\t\t<\/div>\n\t\t<div class=\"elementor-element elementor-element-4c783e2 e-con-full e-flex e-con e-child\" data-id=\"4c783e2\" data-element_type=\"container\" data-settings=\"{&quot;_ha_eqh_enable&quot;:false}\">\n\t\t\t\t<div class=\"elementor-element elementor-element-6186876 elementor-widget elementor-widget-heading\" data-id=\"6186876\" data-element_type=\"widget\" data-widget_type=\"heading.default\">\n\t\t\t\t\t<h2 class=\"elementor-heading-title elementor-size-default\">Monitorizaci\u00f3n de CO\u2082 por componente: disponible bajo pedido.\n\n<\/h2>\t\t\t\t<\/div>\n\t\t\t\t<div class=\"elementor-element elementor-element-2bf2ec1 elementor-widget elementor-widget-text-editor\" data-id=\"2bf2ec1\" data-element_type=\"widget\" data-widget_type=\"text-editor.default\">\n\t\t\t\t\t\t\t\t\t<div class=\"lg:flex gap-8\"><div class=\"w-full lg:w-1\/2\"><p>\u00bfDesea mejorar el balance clim\u00e1tico de sus productos? Si lo solicita, le proporcionaremos los primeros datos de CO\u2082 sobre los materiales, la fabricaci\u00f3n y el embalaje, ya sea a nivel de componentes o por lotes. Ampliamos esta oferta para respaldar de forma espec\u00edfica sus declaraciones o an\u00e1lisis de alcance.  <\/p><\/div><\/div>\t\t\t\t\t\t\t\t<\/div>\n\t\t\t\t<\/div>\n\t\t\t\t\t<\/div>\n\t\t\t\t<\/div>\n\t\t<div class=\"elementor-element elementor-element-ee32144 e-flex e-con-boxed elementor-invisible e-con e-parent\" data-id=\"ee32144\" data-element_type=\"container\" data-settings=\"{&quot;background_background&quot;:&quot;classic&quot;,&quot;animation&quot;:&quot;fadeInUp&quot;,&quot;_ha_eqh_enable&quot;:false}\">\n\t\t\t\t\t<div class=\"e-con-inner\">\n\t\t<div class=\"elementor-element elementor-element-9fd98aa e-con-full e-flex e-con e-child\" data-id=\"9fd98aa\" data-element_type=\"container\" data-settings=\"{&quot;_ha_eqh_enable&quot;:false}\">\n\t\t\t\t<div class=\"elementor-element elementor-element-e87592a elementor-widget elementor-widget-image\" data-id=\"e87592a\" data-element_type=\"widget\" data-widget_type=\"image.default\">\n\t\t\t\t\t\t\t\t\t\t\t\t\t\t\t<img loading=\"lazy\" decoding=\"async\" width=\"800\" height=\"856\" src=\"https:\/\/lorenzg.com\/wp-content\/uploads\/2025\/07\/Nachhaltigkeit-6-Blk.svg\" class=\"attachment-large size-large wp-image-376\" alt=\"\" \/>\t\t\t\t\t\t\t\t\t\t\t\t\t\t\t<\/div>\n\t\t\t\t<\/div>\n\t\t<div class=\"elementor-element elementor-element-4d07d88 e-con-full e-flex e-con e-child\" data-id=\"4d07d88\" data-element_type=\"container\" data-settings=\"{&quot;_ha_eqh_enable&quot;:false}\">\n\t\t\t\t<div class=\"elementor-element elementor-element-a066140 elementor-widget elementor-widget-heading\" data-id=\"a066140\" data-element_type=\"widget\" data-widget_type=\"heading.default\">\n\t\t\t\t\t<h2 class=\"elementor-heading-title elementor-size-default\">M\u00f3dulos flexibles: pragm\u00e1ticos en lugar de dogm\u00e1ticos<\/h2>\t\t\t\t<\/div>\n\t\t\t\t<div class=\"elementor-element elementor-element-1486117 elementor-widget elementor-widget-text-editor\" data-id=\"1486117\" data-element_type=\"widget\" data-widget_type=\"text-editor.default\">\n\t\t\t\t\t\t\t\t\t<div class=\"lg:flex gap-8\"><div class=\"w-full lg:w-1\/2\"><div class=\"lg:flex gap-8 mt-12\"><div class=\"w-full lg:w-1\/2\"><p>La sostenibilidad no es una cuesti\u00f3n de todo o nada. Por eso ofrecemos soluciones escalables: desde la conversi\u00f3n individual a PCR hasta series con balance de CO\u2082. Junto con usted, elegimos lo que mejor se adapta al producto, al mercado y al presupuesto, de forma honesta, transparente y ampliable en cualquier momento.  <\/p><\/div><\/div><footer class=\"mt-16 text-center\"><p class=\"text-sm text-gray-600\">En LorenzG, la sostenibilidad no es un tema secundario, sino una misi\u00f3n clara. Para su marca. Para sus clientes. Y para el futuro.   <\/p><\/footer><\/div><\/div>\t\t\t\t\t\t\t\t<\/div>\n\t\t\t\t<\/div>\n\t\t\t\t\t<\/div>\n\t\t\t\t<\/div>\n\t\t\t\t<\/div>\n\t\t","protected":false},"excerpt":{"rendered":"<p>Sostenible y con garant\u00eda de futuro. En los componentes fabricados con nuestra opci\u00f3n PCR-PP, la huella de carbono se reduce hasta en un 28 %. La materia prima utilizada en este proceso est\u00e1 compuesta en un 40 % por material reciclado postconsumo apto para uso alimentario y sigue siendo totalmente reciclable en el ciclo del [&hellip;]<\/p>\n","protected":false},"author":1,"featured_media":0,"parent":0,"menu_order":0,"comment_status":"closed","ping_status":"closed","template":"","meta":{"inline_featured_image":false,"footnotes":""},"class_list":["post-2044","page","type-page","status-publish","hentry"],"_links":{"self":[{"href":"https:\/\/lorenzg.com\/es\/wp-json\/wp\/v2\/pages\/2044","targetHints":{"allow":["GET"]}}],"collection":[{"href":"https:\/\/lorenzg.com\/es\/wp-json\/wp\/v2\/pages"}],"about":[{"href":"https:\/\/lorenzg.com\/es\/wp-json\/wp\/v2\/types\/page"}],"author":[{"embeddable":true,"href":"https:\/\/lorenzg.com\/es\/wp-json\/wp\/v2\/users\/1"}],"replies":[{"embeddable":true,"href":"https:\/\/lorenzg.com\/es\/wp-json\/wp\/v2\/comments?post=2044"}],"version-history":[{"count":3,"href":"https:\/\/lorenzg.com\/es\/wp-json\/wp\/v2\/pages\/2044\/revisions"}],"predecessor-version":[{"id":2964,"href":"https:\/\/lorenzg.com\/es\/wp-json\/wp\/v2\/pages\/2044\/revisions\/2964"}],"wp:attachment":[{"href":"https:\/\/lorenzg.com\/es\/wp-json\/wp\/v2\/media?parent=2044"}],"curies":[{"name":"wp","href":"https:\/\/api.w.org\/{rel}","templated":true}]}}