{"id":1420,"date":"2025-09-03T13:49:43","date_gmt":"2025-09-03T13:49:43","guid":{"rendered":"https:\/\/lorenzg.com\/calidad\/"},"modified":"2025-10-17T12:39:50","modified_gmt":"2025-10-17T12:39:50","slug":"calidad","status":"publish","type":"page","link":"https:\/\/lorenzg.com\/es\/calidad\/","title":{"rendered":"Calidad"},"content":{"rendered":"\t\t<div data-elementor-type=\"wp-page\" data-elementor-id=\"1420\" class=\"elementor elementor-1420 elementor-1219\" data-elementor-settings=\"{&quot;ha_cmc_init_switcher&quot;:&quot;no&quot;}\" data-elementor-post-type=\"page\">\n\t\t\t\t<div class=\"elementor-element elementor-element-414c45b e-flex e-con-boxed e-con e-parent\" data-id=\"414c45b\" data-element_type=\"container\" data-settings=\"{&quot;background_background&quot;:&quot;classic&quot;,&quot;_ha_eqh_enable&quot;:false}\">\n\t\t\t\t\t<div class=\"e-con-inner\">\n\t\t\t\t\t<\/div>\n\t\t\t\t<\/div>\n\t\t<div class=\"elementor-element elementor-element-128ae61 e-flex e-con-boxed e-con e-parent\" data-id=\"128ae61\" data-element_type=\"container\" data-settings=\"{&quot;background_background&quot;:&quot;classic&quot;,&quot;_ha_eqh_enable&quot;:false}\">\n\t\t\t\t\t<div class=\"e-con-inner\">\n\t\t<div class=\"elementor-element elementor-element-cc8b598 e-con-full e-flex e-con e-child\" data-id=\"cc8b598\" data-element_type=\"container\" data-settings=\"{&quot;_ha_eqh_enable&quot;:false}\">\n\t\t\t\t<div class=\"elementor-element elementor-element-ab42994 elementor-widget elementor-widget-heading\" data-id=\"ab42994\" data-element_type=\"widget\" data-widget_type=\"heading.default\">\n\t\t\t\t\t<h2 class=\"elementor-heading-title elementor-size-default\">Calidad en los detalles.Calidad en los detalles.<\/h2>\t\t\t\t<\/div>\n\t\t\t\t<div class=\"elementor-element elementor-element-b79f76a elementor-widget elementor-widget-button\" data-id=\"b79f76a\" data-element_type=\"widget\" data-widget_type=\"button.default\">\n\t\t\t\t\t\t\t\t\t\t<a class=\"elementor-button elementor-button-link elementor-size-sm\" href=\"#elementor-action%3Aaction%3Dpopup%3Aopen%26settings%3DeyJpZCI6MjkwNiwidG9nZ2xlIjpmYWxzZX0%3D\">\n\t\t\t\t\t\t<span class=\"elementor-button-content-wrapper\">\n\t\t\t\t\t\t<span class=\"elementor-button-icon\">\n\t\t\t\t<svg aria-hidden=\"true\" class=\"e-font-icon-svg e-fas-arrow-right\" viewBox=\"0 0 448 512\" xmlns=\"http:\/\/www.w3.org\/2000\/svg\"><path d=\"M190.5 66.9l22.2-22.2c9.4-9.4 24.6-9.4 33.9 0L441 239c9.4 9.4 9.4 24.6 0 33.9L246.6 467.3c-9.4 9.4-24.6 9.4-33.9 0l-22.2-22.2c-9.5-9.5-9.3-25 .4-34.3L311.4 296H24c-13.3 0-24-10.7-24-24v-32c0-13.3 10.7-24 24-24h287.4L190.9 101.2c-9.8-9.3-10-24.8-.4-34.3z\"><\/path><\/svg>\t\t\t<\/span>\n\t\t\t\t\t\t\t\t\t<span class=\"elementor-button-text\">Selection de productos<\/span>\n\t\t\t\t\t<\/span>\n\t\t\t\t\t<\/a>\n\t\t\t\t\t\t\t\t<\/div>\n\t\t\t\t<\/div>\n\t\t\t\t<div class=\"elementor-element elementor-element-339e0d3 elementor-widget__width-initial elementor-widget elementor-widget-image\" data-id=\"339e0d3\" data-element_type=\"widget\" data-widget_type=\"image.default\">\n\t\t\t\t\t\t\t\t\t\t\t\t<figure class=\"wp-caption\">\n\t\t\t\t\t\t\t\t\t\t\t<a href=\"https:\/\/lorenzg.com\/wp-content\/uploads\/2025\/09\/Lorenz_Flyer-6SDL-Qualitaet-to-prnt.pdf\">\n\t\t\t\t\t\t\t<img fetchpriority=\"high\" decoding=\"async\" width=\"2560\" height=\"1707\" src=\"https:\/\/lorenzg.com\/wp-content\/uploads\/2025\/09\/Leaflet_Qualitaet-3x99x210_Mockup_1-scaled.jpg\" class=\"attachment-full size-full wp-image-1888\" alt=\"\" srcset=\"https:\/\/lorenzg.com\/wp-content\/uploads\/2025\/09\/Leaflet_Qualitaet-3x99x210_Mockup_1-scaled.jpg 2560w, https:\/\/lorenzg.com\/wp-content\/uploads\/2025\/09\/Leaflet_Qualitaet-3x99x210_Mockup_1-300x200.jpg 300w, https:\/\/lorenzg.com\/wp-content\/uploads\/2025\/09\/Leaflet_Qualitaet-3x99x210_Mockup_1-1024x683.jpg 1024w, https:\/\/lorenzg.com\/wp-content\/uploads\/2025\/09\/Leaflet_Qualitaet-3x99x210_Mockup_1-768x512.jpg 768w, https:\/\/lorenzg.com\/wp-content\/uploads\/2025\/09\/Leaflet_Qualitaet-3x99x210_Mockup_1-1536x1024.jpg 1536w, https:\/\/lorenzg.com\/wp-content\/uploads\/2025\/09\/Leaflet_Qualitaet-3x99x210_Mockup_1-2048x1365.jpg 2048w\" sizes=\"(max-width: 2560px) 100vw, 2560px\" \/>\t\t\t\t\t\t\t\t<\/a>\n\t\t\t\t\t\t\t\t\t\t\t<figcaption class=\"widget-image-caption wp-caption-text\">Descargar folleto<\/figcaption>\n\t\t\t\t\t\t\t\t\t\t<\/figure>\n\t\t\t\t\t\t\t\t\t<\/div>\n\t\t\t\t\t<\/div>\n\t\t\t\t<\/div>\n\t\t<div class=\"elementor-element elementor-element-6c9e011 e-con-full e-flex e-con e-parent\" data-id=\"6c9e011\" data-element_type=\"container\" data-settings=\"{&quot;_ha_eqh_enable&quot;:false}\">\n\t\t<div class=\"elementor-element elementor-element-c6fcf73 e-con-full e-flex e-con e-child\" data-id=\"c6fcf73\" data-element_type=\"container\" data-settings=\"{&quot;_ha_eqh_enable&quot;:false}\">\n\t\t\t\t<div class=\"elementor-element elementor-element-848f075 elementor-widget elementor-widget-heading\" data-id=\"848f075\" data-element_type=\"widget\" data-widget_type=\"heading.default\">\n\t\t\t\t\t<h2 class=\"elementor-heading-title elementor-size-default\">La mejor materia prima<\/h2>\t\t\t\t<\/div>\n\t\t\t\t<div class=\"elementor-element elementor-element-b3753e4 elementor-widget elementor-widget-text-editor\" data-id=\"b3753e4\" data-element_type=\"widget\" data-widget_type=\"text-editor.default\">\n\t\t\t\t\t\t\t\t\t<p class=\"p1\">Procesamos <strong>exclusivamente<\/strong> granulados <strong>de primera calidad<\/strong>. El LDPE y el PP con especificaciones MFI estrictas garantizan <strong>propiedades de fluidez uniformes<\/strong>. Cada lote es totalmente trazable, con ficha t\u00e9cnica y certificado de an\u00e1lisis. Si lo desea, tambi\u00e9n disponible como <strong>opci\u00f3n sostenible<\/strong> con contenido de PCR.   <\/p><p class=\"p1\"><strong>As\u00ed, la calidad comienza ya en el grano.<\/strong><\/p>\t\t\t\t\t\t\t\t<\/div>\n\t\t\t\t<\/div>\n\t\t<div class=\"elementor-element elementor-element-684931a e-con-full e-flex e-con e-child\" data-id=\"684931a\" data-element_type=\"container\" data-settings=\"{&quot;background_background&quot;:&quot;classic&quot;,&quot;_ha_eqh_enable&quot;:false}\">\n\t\t\t\t<\/div>\n\t\t\t\t<\/div>\n\t\t<div class=\"elementor-element elementor-element-f213068 e-con-full e-flex e-con e-parent\" data-id=\"f213068\" data-element_type=\"container\" data-settings=\"{&quot;_ha_eqh_enable&quot;:false}\">\n\t\t<div class=\"elementor-element elementor-element-9d43c8a e-con-full e-flex e-con e-child\" data-id=\"9d43c8a\" data-element_type=\"container\" data-settings=\"{&quot;_ha_eqh_enable&quot;:false}\">\n\t\t\t\t<div class=\"elementor-element elementor-element-1da9021 elementor-widget elementor-widget-heading\" data-id=\"1da9021\" data-element_type=\"widget\" data-widget_type=\"heading.default\">\n\t\t\t\t\t<h2 class=\"elementor-heading-title elementor-size-default\">Limpiar y lijar<\/h2>\t\t\t\t<\/div>\n\t\t\t\t<div class=\"elementor-element elementor-element-c9cd03c elementor-widget elementor-widget-text-editor\" data-id=\"c9cd03c\" data-element_type=\"widget\" data-widget_type=\"text-editor.default\">\n\t\t\t\t\t\t\t\t\t<p class=\"p1\">Nuestras bolas se <strong>pulimentan en h\u00famedo<\/strong>, de forma controlada, cuidadosa y reproducible. Los medios de proceso, el tiempo y la presi\u00f3n se supervisan digitalmente. El resultado: superficies redondas y sin rebabas con una rugosidad especial. A continuaci\u00f3n, las limpiamos y secamos con un <strong>m\u00ednimo de part\u00edculas.<\/strong>   <\/p><p class=\"p1\"><strong>Listo para aplicaciones delicadas.<\/strong><\/p>\t\t\t\t\t\t\t\t<\/div>\n\t\t\t\t<\/div>\n\t\t<div class=\"elementor-element elementor-element-9dca4bf e-con-full e-flex e-con e-child\" data-id=\"9dca4bf\" data-element_type=\"container\" data-settings=\"{&quot;background_background&quot;:&quot;classic&quot;,&quot;_ha_eqh_enable&quot;:false}\">\n\t\t\t\t<\/div>\n\t\t\t\t<\/div>\n\t\t<div class=\"elementor-element elementor-element-90e35f2 e-con-full e-flex e-con e-parent\" data-id=\"90e35f2\" data-element_type=\"container\" data-settings=\"{&quot;background_background&quot;:&quot;video&quot;,&quot;background_video_link&quot;:&quot;https:\\\/\\\/lorenzg.com\\\/wp-content\\\/uploads\\\/2025\\\/09\\\/Joy_20250902_131442_790_video.mp4&quot;,&quot;_ha_eqh_enable&quot;:false}\">\n\t\t<div class=\"elementor-background-video-container elementor-hidden-mobile\" aria-hidden=\"true\">\n\t\t\t\t\t\t\t<video class=\"elementor-background-video-hosted\" autoplay muted playsinline loop><\/video>\n\t\t\t\t\t<\/div>\t\t<div class=\"elementor-element elementor-element-3d5d527 elementor-widget elementor-widget-heading\" data-id=\"3d5d527\" data-element_type=\"widget\" data-widget_type=\"heading.default\">\n\t\t\t\t\t<h2 class=\"elementor-heading-title elementor-size-default\">M\u00e1s de 200 millones de balas al a\u00f1o.<\/h2>\t\t\t\t<\/div>\n\t\t\t\t<\/div>\n\t\t<div class=\"elementor-element elementor-element-83e0e77 e-con-full e-flex e-con e-parent\" data-id=\"83e0e77\" data-element_type=\"container\" data-settings=\"{&quot;_ha_eqh_enable&quot;:false}\">\n\t\t<div class=\"elementor-element elementor-element-6b0e0b9 e-con-full e-flex e-con e-child\" data-id=\"6b0e0b9\" data-element_type=\"container\" data-settings=\"{&quot;_ha_eqh_enable&quot;:false}\">\n\t\t\t\t<div class=\"elementor-element elementor-element-99ba8cd elementor-widget elementor-widget-heading\" data-id=\"99ba8cd\" data-element_type=\"widget\" data-widget_type=\"heading.default\">\n\t\t\t\t\t<h2 class=\"elementor-heading-title elementor-size-default\">Medici\u00f3n precisa<\/h2>\t\t\t\t<\/div>\n\t\t\t\t<div class=\"elementor-element elementor-element-8271b60 elementor-widget elementor-widget-text-editor\" data-id=\"8271b60\" data-element_type=\"widget\" data-widget_type=\"text-editor.default\">\n\t\t\t\t\t\t\t\t\t<p class=\"p1\">La medici\u00f3n<strong> de coordenadas de 3 ejes comprueba<\/strong> todas las geometr\u00edas relevantes. Los procedimientos t\u00e1ctiles y \u00f3pticos proporcionan <strong>valores fiables<\/strong>. Las evaluaciones SPC y los protocolos de prueba forman parte de ello. Muestra AQL o control al 100 %, <strong>seg\u00fan los requisito<\/strong>s.   <\/p><p class=\"p1\"><strong>De este modo, la calidad se vuelve medible y demostrable.<\/strong><\/p>\t\t\t\t\t\t\t\t<\/div>\n\t\t\t\t<\/div>\n\t\t<div class=\"elementor-element elementor-element-accbc59 e-con-full e-flex e-con e-child\" data-id=\"accbc59\" data-element_type=\"container\" data-settings=\"{&quot;background_background&quot;:&quot;classic&quot;,&quot;_ha_eqh_enable&quot;:false}\">\n\t\t\t\t<\/div>\n\t\t\t\t<\/div>\n\t\t<div class=\"elementor-element elementor-element-eec0c54 e-con-full e-flex e-con e-parent\" data-id=\"eec0c54\" data-element_type=\"container\" data-settings=\"{&quot;_ha_eqh_enable&quot;:false}\">\n\t\t<div class=\"elementor-element elementor-element-db7d410 e-con-full e-flex e-con e-child\" data-id=\"db7d410\" data-element_type=\"container\" data-settings=\"{&quot;_ha_eqh_enable&quot;:false}\">\n\t\t\t\t<div class=\"elementor-element elementor-element-4866726 elementor-widget elementor-widget-heading\" data-id=\"4866726\" data-element_type=\"widget\" data-widget_type=\"heading.default\">\n\t\t\t\t\t<h2 class=\"elementor-heading-title elementor-size-default\">Una tan buena como la otra<\/h2>\t\t\t\t<\/div>\n\t\t\t\t<div class=\"elementor-element elementor-element-ef33e44 elementor-widget elementor-widget-text-editor\" data-id=\"ef33e44\" data-element_type=\"widget\" data-widget_type=\"text-editor.default\">\n\t\t\t\t\t\t\t\t\t<p class=\"p1\"><strong>La constancia en la producci\u00f3n en serie<\/strong> es nuestro est\u00e1ndar. Las <strong>tolerancias estrictas <\/strong>y los procesos estables garantizan resultados uniformes. Cada lote se aprueba y documenta. Su l\u00ednea funciona <strong>sin necesidad de reajustes<\/strong>, desde la primera hasta la \u00faltima pieza.  <\/p><p class=\"p1\"><strong>Fiabilidad que reduce los costes.<\/strong><\/p>\t\t\t\t\t\t\t\t<\/div>\n\t\t\t\t<\/div>\n\t\t<div class=\"elementor-element elementor-element-28c11b8 e-con-full e-flex e-con e-child\" data-id=\"28c11b8\" data-element_type=\"container\" data-settings=\"{&quot;background_background&quot;:&quot;classic&quot;,&quot;_ha_eqh_enable&quot;:false}\">\n\t\t\t\t<\/div>\n\t\t\t\t<\/div>\n\t\t<div class=\"elementor-element elementor-element-e6cb1da e-con-full e-flex e-con e-parent\" data-id=\"e6cb1da\" data-element_type=\"container\" data-settings=\"{&quot;background_background&quot;:&quot;video&quot;,&quot;background_video_link&quot;:&quot;https:\\\/\\\/lorenzg.com\\\/wp-content\\\/uploads\\\/2025\\\/09\\\/Joy_20250902_131553_625_video.mp4&quot;,&quot;_ha_eqh_enable&quot;:false}\">\n\t\t<div class=\"elementor-background-video-container elementor-hidden-mobile\" aria-hidden=\"true\">\n\t\t\t\t\t\t\t<video class=\"elementor-background-video-hosted\" autoplay muted playsinline loop><\/video>\n\t\t\t\t\t<\/div>\t\t<div class=\"elementor-element elementor-element-67bd385 elementor-widget elementor-widget-heading\" data-id=\"67bd385\" data-element_type=\"widget\" data-widget_type=\"heading.default\">\n\t\t\t\t\t<h2 class=\"elementor-heading-title elementor-size-default\">Con el ajuste perfecto<\/h2>\t\t\t\t<\/div>\n\t\t\t\t<\/div>\n\t\t<div class=\"elementor-element elementor-element-f2035ff e-con-full e-flex e-con e-parent\" data-id=\"f2035ff\" data-element_type=\"container\" data-settings=\"{&quot;_ha_eqh_enable&quot;:false}\">\n\t\t<div class=\"elementor-element elementor-element-f1ee40f e-con-full e-flex e-con e-child\" data-id=\"f1ee40f\" data-element_type=\"container\" data-settings=\"{&quot;_ha_eqh_enable&quot;:false}\">\n\t\t\t\t<div class=\"elementor-element elementor-element-000aac7 elementor-widget elementor-widget-heading\" data-id=\"000aac7\" data-element_type=\"widget\" data-widget_type=\"heading.default\">\n\t\t\t\t\t<h2 class=\"elementor-heading-title elementor-size-default\">Aplicadores de alta calidad<\/h2>\t\t\t\t<\/div>\n\t\t\t\t<div class=\"elementor-element elementor-element-b0e499c elementor-widget elementor-widget-text-editor\" data-id=\"b0e499c\" data-element_type=\"widget\" data-widget_type=\"text-editor.default\">\n\t\t\t\t\t\t\t\t\t<p class=\"p1\">Nuestros accesorios gu\u00edan la bola <strong>con precisi\u00f3n<\/strong> y mantienen su botella <strong>herm\u00e9ticamente cerrada.<\/strong> Labio de sellado de PP, LDPE o TPE, adaptado a su medio. Dosificaci\u00f3n limpia, baja fricci\u00f3n, agradable sensaci\u00f3n en la piel. <strong>Compatible<\/strong> con los cuellos y tapones de botella habituales.  <\/p><p class=\"p1\"><strong>Si lo desea, tambi\u00e9n disponible en rPP o con colores personalizados.<\/strong><\/p>\t\t\t\t\t\t\t\t<\/div>\n\t\t\t\t<\/div>\n\t\t<div class=\"elementor-element elementor-element-f36a519 e-con-full e-flex e-con e-child\" data-id=\"f36a519\" data-element_type=\"container\" data-settings=\"{&quot;background_background&quot;:&quot;classic&quot;,&quot;_ha_eqh_enable&quot;:false}\">\n\t\t\t\t<\/div>\n\t\t\t\t<\/div>\n\t\t<div class=\"elementor-element elementor-element-b358a93 e-con-full e-flex e-con e-parent\" data-id=\"b358a93\" data-element_type=\"container\" data-settings=\"{&quot;_ha_eqh_enable&quot;:false}\">\n\t\t<div class=\"elementor-element elementor-element-6044547 e-con-full e-flex e-con e-child\" data-id=\"6044547\" data-element_type=\"container\" data-settings=\"{&quot;_ha_eqh_enable&quot;:false}\">\n\t\t\t\t<div class=\"elementor-element elementor-element-a9344f4 elementor-widget elementor-widget-heading\" data-id=\"a9344f4\" data-element_type=\"widget\" data-widget_type=\"heading.default\">\n\t\t\t\t\t<h2 class=\"elementor-heading-title elementor-size-default\">Roll-ons listos para usar<\/h2>\t\t\t\t<\/div>\n\t\t\t\t<div class=\"elementor-element elementor-element-7a613be elementor-widget elementor-widget-text-editor\" data-id=\"7a613be\" data-element_type=\"widget\" data-widget_type=\"text-editor.default\">\n\t\t\t\t\t\t\t\t\t<p class=\"p1\"><strong>Soluciones completas de un solo proveedor<\/strong>: bola, accesorio, tap\u00f3n y botella. Mezcla de materiales seg\u00fan la aplicaci\u00f3n: <strong>pl\u00e1stico, acero inoxidable, cer\u00e1mica, vidrio<\/strong>.  Las pruebas de estanqueidad y funcionamiento garantizan la madurez para la producci\u00f3n en serie. Muestras en 72 horas, inicio de la producci\u00f3n en serie en 4 semanas. <\/p><p class=\"p1\"><strong>Listo para el embotellado, el env\u00edo y su lanzamiento al mercado.<\/strong><\/p>\t\t\t\t\t\t\t\t<\/div>\n\t\t\t\t<\/div>\n\t\t<div class=\"elementor-element elementor-element-36f5d9e e-con-full e-flex e-con e-child\" data-id=\"36f5d9e\" data-element_type=\"container\" data-settings=\"{&quot;background_background&quot;:&quot;classic&quot;,&quot;_ha_eqh_enable&quot;:false}\">\n\t\t\t\t<\/div>\n\t\t\t\t<\/div>\n\t\t\t\t<\/div>\n\t\t","protected":false},"excerpt":{"rendered":"<p>Calidad en los detalles.Calidad en los detalles. Selection de productos Descargar folleto La mejor materia prima Procesamos exclusivamente granulados de primera calidad. El LDPE y el PP con especificaciones MFI estrictas garantizan propiedades de fluidez uniformes. Cada lote es totalmente trazable, con ficha t\u00e9cnica y certificado de an\u00e1lisis. Si lo desea, tambi\u00e9n disponible como opci\u00f3n [&hellip;]<\/p>\n","protected":false},"author":2,"featured_media":0,"parent":0,"menu_order":0,"comment_status":"closed","ping_status":"closed","template":"","meta":{"inline_featured_image":false,"footnotes":""},"class_list":["post-1420","page","type-page","status-publish","hentry"],"_links":{"self":[{"href":"https:\/\/lorenzg.com\/es\/wp-json\/wp\/v2\/pages\/1420","targetHints":{"allow":["GET"]}}],"collection":[{"href":"https:\/\/lorenzg.com\/es\/wp-json\/wp\/v2\/pages"}],"about":[{"href":"https:\/\/lorenzg.com\/es\/wp-json\/wp\/v2\/types\/page"}],"author":[{"embeddable":true,"href":"https:\/\/lorenzg.com\/es\/wp-json\/wp\/v2\/users\/2"}],"replies":[{"embeddable":true,"href":"https:\/\/lorenzg.com\/es\/wp-json\/wp\/v2\/comments?post=1420"}],"version-history":[{"count":13,"href":"https:\/\/lorenzg.com\/es\/wp-json\/wp\/v2\/pages\/1420\/revisions"}],"predecessor-version":[{"id":2957,"href":"https:\/\/lorenzg.com\/es\/wp-json\/wp\/v2\/pages\/1420\/revisions\/2957"}],"wp:attachment":[{"href":"https:\/\/lorenzg.com\/es\/wp-json\/wp\/v2\/media?parent=1420"}],"curies":[{"name":"wp","href":"https:\/\/api.w.org\/{rel}","templated":true}]}}